{"id":1276,"date":"2023-04-08T08:07:24","date_gmt":"2023-04-08T08:07:24","guid":{"rendered":"https:\/\/hopeandhealth.md\/donation\/"},"modified":"2023-04-08T08:07:24","modified_gmt":"2023-04-08T08:07:24","slug":"donation","status":"publish","type":"page","link":"https:\/\/hopeandhealth.md\/ro\/donation\/","title":{"rendered":"Donation"},"content":{"rendered":"\n  <div class=\"banner has-hover\" id=\"banner-82849297\">\n          <div class=\"banner-inner fill\">\n        <div class=\"banner-bg fill\" >\n            <div class=\"bg fill bg-fill \"><\/div>\n                                    \n                    <\/div><!-- bg-layers -->\n        <div class=\"banner-layers container\">\n            <div class=\"fill banner-link\"><\/div>            \n   <div id=\"text-box-31563867\" class=\"text-box banner-layer x50 md-x50 lg-x50 y50 md-y50 lg-y50 res-text\">\n                                <div class=\"text dark\">\n              \n              <div class=\"text-inner text-center\">\n                  \n<h2 class=\"uppercase\"><strong>DONAREA DE FONDURI PENTRU DEZVOLTAREA ORGANIZATIEI <\/strong><\/h2>\n<p><strong>Pute\u021bi aduce o contribu\u021bie nepre\u021buit\u0103 la o cauz\u0103 nobil\u0103. A\u0219tept\u0103m ajutor din partea organiza\u021biilor de orice form\u0103 de proprietate \u0219i a persoanelor fizice.<\/strong><\/p>\n              <\/div>\n           <\/div><!-- text-box-inner -->\n                            \n<style scope=\"scope\">\n\n#text-box-31563867 {\n  width: 60%;\n}\n#text-box-31563867 .text {\n  font-size: 100%;\n}\n<\/style>\n    <\/div><!-- text-box -->\n \n        <\/div><!-- .banner-layers -->\n      <\/div><!-- .banner-inner -->\n\n            \n<style scope=\"scope\">\n\n#banner-82849297 {\n  padding-top: 319px;\n}\n#banner-82849297 .bg.bg-loaded {\n  background-image: url(https:\/\/hopeandhealth.md\/wp-content\/uploads\/2023\/03\/fon-serdechki-01-1400x379.jpg);\n}\n<\/style>\n  <\/div><!-- .banner -->\n\n\n<div class=\"text-center\"><div class=\"is-divider divider clearfix\" style=\"max-width:294px;\"><\/div><\/div><!-- .divider -->\n<p><strong>DETALII \u00ceN MDL<\/strong><\/p>\n<p>56: CORRESPONDENT BANK: BANCA INTESA SANPAOLO S.P.A.,<br \/>MILANO, ITALY<br \/>SWIFT CODE: BCITITMMXXX<br \/>57: BENEFICIARY BANK: BANCA COMERCIALA EXIMBANK S.A.,<br \/>CHISINAU, MOLDOVA<br \/>SWIFT CODE: EXMMMD22XXX<br \/>59. BENEFICIARY\u2019S IBAN: MD38EX0000000225139758MD<br \/>59. BENEFICIARY\u2019S NAME: A.O. &#8222;SPERAN\u021aA SI SANATATE&#8221;<br \/>1009620003540  <\/p>\n<div class=\"text-center\"><div class=\"is-divider divider clearfix\" style=\"max-width:294px;\"><\/div><\/div><!-- .divider -->\n<p><strong>DETALII IN EURO<\/strong><\/p>\n<p>56: CORRESPONDENT BANK: BANCA INTESA SANPAOLO S.P.A.,<br \/>MILANO, ITALY<br \/>SWIFT CODE: BCITITMMXXX<br \/>57: BENEFICIARY BANK: BANCA COMERCIALA EXIMBANK S.A.<br \/>CHISINAU, MOLDOVA<br \/>SWIFT CODE: EXMMMD22XXX<br \/>59. BENEFICIARY\u2019S IBAN: MD92EX1100000225188236EU<br \/>59 BENEFICIARY\u2019S NAME: A.O. &#8222;SPERAN\u021aA SI SANATATE&#8221;<br \/>1009620003540  <\/p>\n<div class=\"text-center\"><div class=\"is-divider divider clearfix\" style=\"max-width:294px;\"><\/div><\/div><!-- .divider -->\n<p><strong>DETALII \u00ceN USD<\/strong><\/p>\n<p>56: CORRESPONDENT BANK: BANCA INTESA SANPAOLO S.P.A.<br \/>&#8211; MILANO, ITALY<br \/>SWIFT CODE: BCITITMMXXX<br \/>57: BENEFICIARY BANK: BANCA COMERCIALA EXIMBANK S.A.<br \/>CHISINAU, MOLDOVA<br \/>SWIFT CODE: EXMMMD22XXX<br \/>59. BENEFICIARY\u2019S IBAN: MD55EX0000002251139758US<br \/>59. BENEFICIARY\u2019S NAME: A.O. &#8222;SPERAN\u021aA SI SANATATE&#8221;<br \/>1009620003540<\/p>\n\n  <div class=\"banner has-hover\" id=\"banner-1642212848\">\n          <div class=\"banner-inner fill\">\n        <div class=\"banner-bg fill\" >\n            <div class=\"bg fill bg-fill \"><\/div>\n                                    \n                    <\/div><!-- bg-layers -->\n        <div class=\"banner-layers container\">\n            <div class=\"fill banner-link\"><\/div>            \n        <\/div><!-- .banner-layers -->\n      <\/div><!-- .banner-inner -->\n\n            \n<style scope=\"scope\">\n\n#banner-1642212848 {\n  padding-top: 500px;\n}\n#banner-1642212848 .bg.bg-loaded {\n  background-image: url(https:\/\/hopeandhealth.md\/wp-content\/uploads\/2023\/04\/partners-1.jpg);\n}\n<\/style>\n  <\/div><!-- .banner -->\n\n\n<div class=\"gap-element\" style=\"display:block; height:auto; padding-top:30px\" class=\"clearfix\"><\/div>\n","protected":false},"excerpt":{"rendered":"<p>DETALII \u00ceN MDL 56: CORRESPONDENT BANK: BANCA INTESA SANPAOLO S.P.A.,MILANO, ITALYSWIFT CODE: BCITITMMXXX57: BENEFICIARY BANK: BANCA COMERCIALA EXIMBANK S.A.,CHISINAU, MOLDOVASWIFT CODE: EXMMMD22XXX59. BENEFICIARY\u2019S IBAN: MD38EX0000000225139758MD59. BENEFICIARY\u2019S NAME: A.O. &#8222;SPERAN\u021aA SI SANATATE&#8221;1009620003540 DETALII IN EURO 56: CORRESPONDENT BANK: BANCA INTESA SANPAOLO S.P.A.,MILANO, ITALYSWIFT CODE: BCITITMMXXX57: BENEFICIARY BANK: BANCA COMERCIALA EXIMBANK S.A.CHISINAU, MOLDOVASWIFT CODE: EXMMMD22XXX59. BENEFICIARY\u2019S IBAN: [&#8230;]\n","protected":false},"author":1,"featured_media":0,"parent":0,"menu_order":0,"comment_status":"closed","ping_status":"closed","template":"","meta":{"jetpack_post_was_ever_published":false,"footnotes":""},"class_list":["post-1276","page","type-page","status-publish","hentry"],"jetpack_sharing_enabled":true,"_links":{"self":[{"href":"https:\/\/hopeandhealth.md\/ro\/wp-json\/wp\/v2\/pages\/1276","targetHints":{"allow":["GET"]}}],"collection":[{"href":"https:\/\/hopeandhealth.md\/ro\/wp-json\/wp\/v2\/pages"}],"about":[{"href":"https:\/\/hopeandhealth.md\/ro\/wp-json\/wp\/v2\/types\/page"}],"author":[{"embeddable":true,"href":"https:\/\/hopeandhealth.md\/ro\/wp-json\/wp\/v2\/users\/1"}],"replies":[{"embeddable":true,"href":"https:\/\/hopeandhealth.md\/ro\/wp-json\/wp\/v2\/comments?post=1276"}],"version-history":[{"count":0,"href":"https:\/\/hopeandhealth.md\/ro\/wp-json\/wp\/v2\/pages\/1276\/revisions"}],"wp:attachment":[{"href":"https:\/\/hopeandhealth.md\/ro\/wp-json\/wp\/v2\/media?parent=1276"}],"curies":[{"name":"wp","href":"https:\/\/api.w.org\/{rel}","templated":true}]}}