{"id":1278,"date":"2023-04-08T07:40:15","date_gmt":"2023-04-08T07:40:15","guid":{"rendered":"https:\/\/hopeandhealth.md\/va-asteptam\/"},"modified":"2025-04-03T15:51:07","modified_gmt":"2025-04-03T15:51:07","slug":"va-asteptam","status":"publish","type":"page","link":"https:\/\/hopeandhealth.md\/ro\/va-asteptam\/","title":{"rendered":"Va asteptam"},"content":{"rendered":"\n  <div class=\"banner has-hover\" id=\"banner-667715313\">\n          <div class=\"banner-inner fill\">\n        <div class=\"banner-bg fill\" >\n            <div class=\"bg fill bg-fill \"><\/div>\n                                    \n                    <\/div><!-- bg-layers -->\n        <div class=\"banner-layers container\">\n            <div class=\"fill banner-link\"><\/div>            \n   <div id=\"text-box-1122736489\" class=\"text-box banner-layer x50 md-x50 lg-x50 y50 md-y50 lg-y50 res-text\">\n                                <div class=\"text dark\">\n              \n              <div class=\"text-inner text-center\">\n                  \n<h2><strong>Exist\u0103 o persoan\u0103 cu dizabilit\u0103\u021bi intelectuale care locuie\u0219te \u00een casa ta? <\/strong><\/h2>\n<p><strong>Nu este el acoperit de aten\u021bia structurilor statului?<\/strong><br \/>\n<strong>Nu mai este student?<\/strong><br \/>\n<strong>Centrul nostru de reabilitare de zi \u00eei vor accepta f\u0103r\u0103 limit\u0103 de v\u00e2rst\u0103 \u0219i f\u0103r\u0103 limit\u0103 de \u0219edere.<\/strong><br \/>\nTelefon pentru informa\u021bii: 022 718 554<br \/>\nAsistent social: 0 790 75 192<br \/>\nManager: 0692 54 326<br \/>\nAdresa: str. Vasile Lupu 81\/2, mun. Chi\u0219in\u0103u<br \/>\nA.O. \u00abSperan\u021b\u0103 \u0219i S\u0103n\u0103tate\u00bb<\/p>\n              <\/div>\n           <\/div><!-- text-box-inner -->\n                            \n<style scope=\"scope\">\n\n#text-box-1122736489 {\n  width: 60%;\n}\n#text-box-1122736489 .text {\n  font-size: 100%;\n}\n<\/style>\n    <\/div><!-- text-box -->\n \n        <\/div><!-- .banner-layers -->\n      <\/div><!-- .banner-inner -->\n\n            \n<style scope=\"scope\">\n\n#banner-667715313 {\n  padding-top: 492px;\n}\n#banner-667715313 .bg.bg-loaded {\n  background-image: url(https:\/\/hopeandhealth.md\/wp-content\/uploads\/2023\/03\/fon-serdechki-01-1400x379.jpg);\n}\n<\/style>\n  <\/div><!-- .banner -->\n\n\n\n  <div class=\"banner has-hover\" id=\"banner-588560948\">\n          <div class=\"banner-inner fill\">\n        <div class=\"banner-bg fill\" >\n            <div class=\"bg fill bg-fill \"><\/div>\n                                    \n                    <\/div><!-- bg-layers -->\n        <div class=\"banner-layers container\">\n            <div class=\"fill banner-link\"><\/div>            \n        <\/div><!-- .banner-layers -->\n      <\/div><!-- .banner-inner -->\n\n            \n<style scope=\"scope\">\n\n#banner-588560948 {\n  padding-top: 500px;\n}\n#banner-588560948 .bg.bg-loaded {\n  background-image: url(https:\/\/hopeandhealth.md\/wp-content\/uploads\/2023\/04\/help-1199x800.jpg);\n}\n<\/style>\n  <\/div><!-- .banner -->\n\n\n<div class=\"gap-element\" style=\"display:block; height:auto; padding-top:30px\" class=\"clearfix\"><\/div>\n","protected":false},"excerpt":{"rendered":"","protected":false},"author":1,"featured_media":0,"parent":0,"menu_order":0,"comment_status":"closed","ping_status":"closed","template":"","meta":{"jetpack_post_was_ever_published":false,"footnotes":""},"class_list":["post-1278","page","type-page","status-publish","hentry"],"jetpack_sharing_enabled":true,"_links":{"self":[{"href":"https:\/\/hopeandhealth.md\/ro\/wp-json\/wp\/v2\/pages\/1278","targetHints":{"allow":["GET"]}}],"collection":[{"href":"https:\/\/hopeandhealth.md\/ro\/wp-json\/wp\/v2\/pages"}],"about":[{"href":"https:\/\/hopeandhealth.md\/ro\/wp-json\/wp\/v2\/types\/page"}],"author":[{"embeddable":true,"href":"https:\/\/hopeandhealth.md\/ro\/wp-json\/wp\/v2\/users\/1"}],"replies":[{"embeddable":true,"href":"https:\/\/hopeandhealth.md\/ro\/wp-json\/wp\/v2\/comments?post=1278"}],"version-history":[{"count":2,"href":"https:\/\/hopeandhealth.md\/ro\/wp-json\/wp\/v2\/pages\/1278\/revisions"}],"predecessor-version":[{"id":2829,"href":"https:\/\/hopeandhealth.md\/ro\/wp-json\/wp\/v2\/pages\/1278\/revisions\/2829"}],"wp:attachment":[{"href":"https:\/\/hopeandhealth.md\/ro\/wp-json\/wp\/v2\/media?parent=1278"}],"curies":[{"name":"wp","href":"https:\/\/api.w.org\/{rel}","templated":true}]}}