{"id":1297,"date":"2023-04-01T12:27:25","date_gmt":"2023-04-01T12:27:25","guid":{"rendered":"https:\/\/hopeandhealth.md\/lectii-de-autoservire\/"},"modified":"2023-04-01T12:27:25","modified_gmt":"2023-04-01T12:27:25","slug":"lectii-de-autoservire","status":"publish","type":"page","link":"https:\/\/hopeandhealth.md\/ro\/lectii-de-autoservire\/","title":{"rendered":"Lec\u021bii de autoservire"},"content":{"rendered":"\n  <div class=\"banner has-hover has-parallax\" id=\"banner-633894030\">\n          <div class=\"banner-inner fill\">\n        <div class=\"banner-bg fill\" data-parallax=\"-2\" data-parallax-container=\".banner\" data-parallax-background>\n            <div class=\"bg fill bg-fill \"><\/div>\n                        <div class=\"overlay\"><\/div>            \n                    <\/div><!-- bg-layers -->\n        <div class=\"banner-layers container\">\n            <div class=\"fill banner-link\"><\/div>            \n   <div id=\"text-box-782426314\" class=\"text-box banner-layer x50 md-x50 lg-x50 y50 md-y50 lg-y50 res-text\">\n                                <div class=\"text dark\">\n              \n              <div class=\"text-inner text-center\">\n                  \n<h3 class=\"uppercase\"><strong>LEC\u021aII DE AUTOSERVIRE<\/strong><\/h3>\n<div class=\"is-divider divider clearfix\" ><\/div><!-- .divider -->\n<div class=\"social-icons share-icons share-row relative icon-style-outline \" ><a href=\"whatsapp:\/\/send?text=Lec%C8%9Bii%20de%20autoservire - https:\/\/hopeandhealth.md\/ro\/lectii-de-autoservire\/\" data-action=\"share\/whatsapp\/share\" class=\"icon button circle is-outline tooltip whatsapp show-for-medium\" title=\"Share on WhatsApp\"><i class=\"icon-phone\"><\/i><\/a><a href=\"\/\/www.facebook.com\/sharer.php?u=https:\/\/hopeandhealth.md\/ro\/lectii-de-autoservire\/\" data-label=\"Facebook\" onclick=\"window.open(this.href,this.title,'width=500,height=500,top=300px,left=300px');  return false;\" rel=\"noopener noreferrer nofollow\" target=\"_blank\" class=\"icon button circle is-outline tooltip facebook\" title=\"Share on Facebook\"><i class=\"icon-facebook\" ><\/i><\/a><a href=\"\/\/twitter.com\/share?url=https:\/\/hopeandhealth.md\/ro\/lectii-de-autoservire\/\" onclick=\"window.open(this.href,this.title,'width=500,height=500,top=300px,left=300px');  return false;\" rel=\"noopener noreferrer nofollow\" target=\"_blank\" class=\"icon button circle is-outline tooltip twitter\" title=\"Share on Twitter\"><i class=\"icon-twitter\" ><\/i><\/a><a href=\"mailto:enteryour@addresshere.com?subject=Lec%C8%9Bii%20de%20autoservire&amp;body=Check%20this%20out:%20https:\/\/hopeandhealth.md\/ro\/lectii-de-autoservire\/\" rel=\"nofollow\" class=\"icon button circle is-outline tooltip email\" title=\"Email to a Friend\"><i class=\"icon-envelop\" ><\/i><\/a><a href=\"\/\/pinterest.com\/pin\/create\/button\/?url=https:\/\/hopeandhealth.md\/ro\/lectii-de-autoservire\/&amp;media=https:\/\/hopeandhealth.md\/wp-content\/uploads\/2016\/08\/dummy-1.jpg&amp;description=Lec%C8%9Bii%20de%20autoservire\" onclick=\"window.open(this.href,this.title,'width=500,height=500,top=300px,left=300px');  return false;\" rel=\"noopener noreferrer nofollow\" target=\"_blank\" class=\"icon button circle is-outline tooltip pinterest\" title=\"Pin on Pinterest\"><i class=\"icon-pinterest\" ><\/i><\/a><a href=\"\/\/plus.google.com\/share?url=https:\/\/hopeandhealth.md\/ro\/lectii-de-autoservire\/\" target=\"_blank\" class=\"icon button circle is-outline tooltip google-plus\" onclick=\"window.open(this.href,this.title,'width=500,height=500,top=300px,left=300px');  return false;\" rel=\"noopener noreferrer nofollow\" title=\"Share on Google+\"><i class=\"icon-google-plus\" ><\/i><\/a><a href=\"\/\/www.linkedin.com\/shareArticle?mini=true&url=https:\/\/hopeandhealth.md\/ro\/lectii-de-autoservire\/&title=Lec%C8%9Bii%20de%20autoservire\" onclick=\"window.open(this.href,this.title,'width=500,height=500,top=300px,left=300px');  return false;\"  rel=\"noopener noreferrer nofollow\" target=\"_blank\" class=\"icon button circle is-outline tooltip linkedin\" title=\"Share on LinkedIn\"><i class=\"icon-linkedin\" ><\/i><\/a><\/div>\n              <\/div>\n           <\/div><!-- text-box-inner -->\n                            \n<style scope=\"scope\">\n\n#text-box-782426314 {\n  width: 60%;\n}\n#text-box-782426314 .text {\n  font-size: 100%;\n}\n\n\n@media (min-width:550px) {\n\n  #text-box-782426314 {\n    width: 68%;\n  }\n\n}\n<\/style>\n    <\/div><!-- text-box -->\n \n        <\/div><!-- .banner-layers -->\n      <\/div><!-- .banner-inner -->\n\n            \n<style scope=\"scope\">\n\n#banner-633894030 {\n  padding-top: 200px;\n}\n#banner-633894030 .bg.bg-loaded {\n  background-image: url(https:\/\/hopeandhealth.md\/wp-content\/uploads\/2023\/03\/fon-serdechki-1400x298.jpg);\n}\n#banner-633894030 .overlay {\n  background-color: rgba(0, 0, 0, 0.2);\n}\n<\/style>\n  <\/div><!-- .banner -->\n\n\n<div class=\"row\"  id=\"row-344752986\">\n<div class=\"col small-12 large-12\"  ><div class=\"col-inner\"  >\n<p>Scopul form\u0103rii abilit\u0103\u021bilor de autoservire la persoanele cu dizabilit\u0103\u021bi intelectuale este de a crea condi\u021bii pentru desf\u0103\u0219urarea proceselor casnice, insuflarea abilit\u0103\u021bilor \u0219i obiceiurilor culturale \u0219i igienice \u0219i formarea stereotipurilor necesare.<\/p>\n\n  <div class=\"banner has-hover\" id=\"banner-722380656\">\n          <div class=\"banner-inner fill\">\n        <div class=\"banner-bg fill\" >\n            <div class=\"bg fill bg-fill \"><\/div>\n                                    \n                    <\/div><!-- bg-layers -->\n        <div class=\"banner-layers container\">\n            <div class=\"fill banner-link\"><\/div>            \n        <\/div><!-- .banner-layers -->\n      <\/div><!-- .banner-inner -->\n\n            \n<style scope=\"scope\">\n\n#banner-722380656 {\n  padding-top: 500px;\n}\n#banner-722380656 .bg.bg-loaded {\n  background-image: url(https:\/\/hopeandhealth.md\/wp-content\/uploads\/2023\/04\/04--1067x800.jpg);\n}\n<\/style>\n  <\/div><!-- .banner -->\n\n\n<p><strong>Sarcina principal\u0103 este de a forma cele mai simple abilit\u0103\u021bi de cur\u0103\u021benie \u0219i autoservire, de a pune bazele unei culturi igienice.<\/strong><\/p>\n\n  <div class=\"banner has-hover\" id=\"banner-1371746386\">\n          <div class=\"banner-inner fill\">\n        <div class=\"banner-bg fill\" >\n            <div class=\"bg fill bg-fill \"><\/div>\n                                    \n                    <\/div><!-- bg-layers -->\n        <div class=\"banner-layers container\">\n            <div class=\"fill banner-link\"><\/div>            \n        <\/div><!-- .banner-layers -->\n      <\/div><!-- .banner-inner -->\n\n            \n<style scope=\"scope\">\n\n#banner-1371746386 {\n  padding-top: 349px;\n}\n#banner-1371746386 .bg.bg-loaded {\n  background-image: url(https:\/\/hopeandhealth.md\/wp-content\/uploads\/2023\/04\/02-12.jpg);\n}\n<\/style>\n  <\/div><!-- .banner -->\n\n\n<p><strong>C\u00e2nd lucra\u021bi cu persoane cu dizabilit\u0103\u021bi intelectuale, sunt rezolvate urm\u0103toarele sarcini:<\/strong><\/p>\n<ul>\n<li>s\u0103-\u0219i formeze abilit\u0103\u021bi culturale \u0219i igienice, o atitudine bun\u0103, grijulie fa\u021b\u0103 de corpul cuiva;<\/li>\n<li>obi\u0219nuie\u0219te copilul cu individualismul igienic (folose\u0219te propriul prosop, batist\u0103);<\/li>\n<li>\u00eenva\u021b\u0103 cum s\u0103 folose\u0219ti articolele de uz casnic \u0219i igiena personal\u0103;<\/li>\n<li>s\u0103 formeze abilit\u0103\u021bi de autoservire \u00een via\u021ba de zi cu zi, \u021bin\u00e2nd cont de caracteristicile de v\u00e2rst\u0103;<\/li>\n<li>s\u0103-\u0219i formeze abilit\u0103\u021bi de comportament la mas\u0103, s\u0103 cultive capacitatea de a m\u00e2nca independent \u0219i ordonat, de a sta lini\u0219tit la mas\u0103, respect\u00e2nd postura corect\u0103, de a \u021bine corect o lingur\u0103, de a m\u00e2nca lini\u0219tit;<\/li>\n<li>a-\u0219i forma deprinderea de orientare \u00een cl\u0103direa \u0219colii, cunoa\u0219terea locului cuiva la mas\u0103;<\/li>\n<li>de a cultiva nevoia de a se sp\u0103la pe m\u00e2ini \u00eenainte de a m\u00e2nca, de a forma abilit\u0103\u021bile de acurate\u021be, cultiv\u00e2nd \u00een acela\u0219i timp interesul pentru ac\u021biuni, dorin\u021ba de a face totul independent, \u00eengrijit.<\/li>\n<\/ul>\n<\/div><\/div>\n<\/div>\n\n  <div class=\"banner has-hover\" id=\"banner-742893570\">\n          <div class=\"banner-inner fill\">\n        <div class=\"banner-bg fill\" >\n            <div class=\"bg fill bg-fill \"><\/div>\n                                    \n                    <\/div><!-- bg-layers -->\n        <div class=\"banner-layers container\">\n            <div class=\"fill banner-link\"><\/div>            \n        <\/div><!-- .banner-layers -->\n      <\/div><!-- .banner-inner -->\n\n            \n<style scope=\"scope\">\n\n#banner-742893570 {\n  padding-top: 500px;\n}\n#banner-742893570 .bg.bg-loaded {\n  background-image: url(https:\/\/hopeandhealth.md\/wp-content\/uploads\/2023\/04\/03-14-1068x800.jpg);\n}\n<\/style>\n  <\/div><!-- .banner -->\n\n\n","protected":false},"excerpt":{"rendered":"","protected":false},"author":1,"featured_media":894,"parent":0,"menu_order":0,"comment_status":"closed","ping_status":"closed","template":"page-blank.php","meta":{"jetpack_post_was_ever_published":false,"footnotes":""},"class_list":["post-1297","page","type-page","status-publish","has-post-thumbnail","hentry"],"jetpack_sharing_enabled":true,"_links":{"self":[{"href":"https:\/\/hopeandhealth.md\/ro\/wp-json\/wp\/v2\/pages\/1297","targetHints":{"allow":["GET"]}}],"collection":[{"href":"https:\/\/hopeandhealth.md\/ro\/wp-json\/wp\/v2\/pages"}],"about":[{"href":"https:\/\/hopeandhealth.md\/ro\/wp-json\/wp\/v2\/types\/page"}],"author":[{"embeddable":true,"href":"https:\/\/hopeandhealth.md\/ro\/wp-json\/wp\/v2\/users\/1"}],"replies":[{"embeddable":true,"href":"https:\/\/hopeandhealth.md\/ro\/wp-json\/wp\/v2\/comments?post=1297"}],"version-history":[{"count":0,"href":"https:\/\/hopeandhealth.md\/ro\/wp-json\/wp\/v2\/pages\/1297\/revisions"}],"wp:featuredmedia":[{"embeddable":true,"href":"https:\/\/hopeandhealth.md\/ro\/wp-json\/wp\/v2\/media\/894"}],"wp:attachment":[{"href":"https:\/\/hopeandhealth.md\/ro\/wp-json\/wp\/v2\/media?parent=1297"}],"curies":[{"name":"wp","href":"https:\/\/api.w.org\/{rel}","templated":true}]}}