{"id":1299,"date":"2023-04-01T12:13:52","date_gmt":"2023-04-01T12:13:52","guid":{"rendered":"https:\/\/hopeandhealth.md\/economie-casnica\/"},"modified":"2023-04-01T12:13:52","modified_gmt":"2023-04-01T12:13:52","slug":"economie-casnica","status":"publish","type":"page","link":"https:\/\/hopeandhealth.md\/ro\/economie-casnica\/","title":{"rendered":"Economie casnica"},"content":{"rendered":"\n  <div class=\"banner has-hover has-parallax\" id=\"banner-345825852\">\n          <div class=\"banner-inner fill\">\n        <div class=\"banner-bg fill\" data-parallax=\"-2\" data-parallax-container=\".banner\" data-parallax-background>\n            <div class=\"bg fill bg-fill \"><\/div>\n                        <div class=\"overlay\"><\/div>            \n                    <\/div><!-- bg-layers -->\n        <div class=\"banner-layers container\">\n            <div class=\"fill banner-link\"><\/div>            \n   <div id=\"text-box-1052991095\" class=\"text-box banner-layer x50 md-x50 lg-x50 y50 md-y50 lg-y50 res-text\">\n                                <div class=\"text dark\">\n              \n              <div class=\"text-inner text-center\">\n                  \n<h3 class=\"uppercase\"><strong>ECONOMIA ACAS\u0102<\/strong><\/h3>\n<div class=\"is-divider divider clearfix\" ><\/div><!-- .divider -->\n<div class=\"social-icons share-icons share-row relative icon-style-outline \" ><a href=\"whatsapp:\/\/send?text=Economie%20casnica - https:\/\/hopeandhealth.md\/ro\/economie-casnica\/\" data-action=\"share\/whatsapp\/share\" class=\"icon button circle is-outline tooltip whatsapp show-for-medium\" title=\"Share on WhatsApp\"><i class=\"icon-phone\"><\/i><\/a><a href=\"\/\/www.facebook.com\/sharer.php?u=https:\/\/hopeandhealth.md\/ro\/economie-casnica\/\" data-label=\"Facebook\" onclick=\"window.open(this.href,this.title,'width=500,height=500,top=300px,left=300px');  return false;\" rel=\"noopener noreferrer nofollow\" target=\"_blank\" class=\"icon button circle is-outline tooltip facebook\" title=\"Share on Facebook\"><i class=\"icon-facebook\" ><\/i><\/a><a href=\"\/\/twitter.com\/share?url=https:\/\/hopeandhealth.md\/ro\/economie-casnica\/\" onclick=\"window.open(this.href,this.title,'width=500,height=500,top=300px,left=300px');  return false;\" rel=\"noopener noreferrer nofollow\" target=\"_blank\" class=\"icon button circle is-outline tooltip twitter\" title=\"Share on Twitter\"><i class=\"icon-twitter\" ><\/i><\/a><a href=\"mailto:enteryour@addresshere.com?subject=Economie%20casnica&amp;body=Check%20this%20out:%20https:\/\/hopeandhealth.md\/ro\/economie-casnica\/\" rel=\"nofollow\" class=\"icon button circle is-outline tooltip email\" title=\"Email to a Friend\"><i class=\"icon-envelop\" ><\/i><\/a><a href=\"\/\/pinterest.com\/pin\/create\/button\/?url=https:\/\/hopeandhealth.md\/ro\/economie-casnica\/&amp;media=https:\/\/hopeandhealth.md\/wp-content\/uploads\/2016\/08\/dummy-1.jpg&amp;description=Economie%20casnica\" onclick=\"window.open(this.href,this.title,'width=500,height=500,top=300px,left=300px');  return false;\" rel=\"noopener noreferrer nofollow\" target=\"_blank\" class=\"icon button circle is-outline tooltip pinterest\" title=\"Pin on Pinterest\"><i class=\"icon-pinterest\" ><\/i><\/a><a href=\"\/\/plus.google.com\/share?url=https:\/\/hopeandhealth.md\/ro\/economie-casnica\/\" target=\"_blank\" class=\"icon button circle is-outline tooltip google-plus\" onclick=\"window.open(this.href,this.title,'width=500,height=500,top=300px,left=300px');  return false;\" rel=\"noopener noreferrer nofollow\" title=\"Share on Google+\"><i class=\"icon-google-plus\" ><\/i><\/a><a href=\"\/\/www.linkedin.com\/shareArticle?mini=true&url=https:\/\/hopeandhealth.md\/ro\/economie-casnica\/&title=Economie%20casnica\" onclick=\"window.open(this.href,this.title,'width=500,height=500,top=300px,left=300px');  return false;\"  rel=\"noopener noreferrer nofollow\" target=\"_blank\" class=\"icon button circle is-outline tooltip linkedin\" title=\"Share on LinkedIn\"><i class=\"icon-linkedin\" ><\/i><\/a><\/div>\n              <\/div>\n           <\/div><!-- text-box-inner -->\n                            \n<style scope=\"scope\">\n\n#text-box-1052991095 {\n  width: 60%;\n}\n#text-box-1052991095 .text {\n  font-size: 100%;\n}\n\n\n@media (min-width:550px) {\n\n  #text-box-1052991095 {\n    width: 68%;\n  }\n\n}\n<\/style>\n    <\/div><!-- text-box -->\n \n        <\/div><!-- .banner-layers -->\n      <\/div><!-- .banner-inner -->\n\n            \n<style scope=\"scope\">\n\n#banner-345825852 {\n  padding-top: 200px;\n}\n#banner-345825852 .bg.bg-loaded {\n  background-image: url(https:\/\/hopeandhealth.md\/wp-content\/uploads\/2023\/03\/fon-serdechki-1400x298.jpg);\n}\n#banner-345825852 .overlay {\n  background-color: rgba(0, 0, 0, 0.2);\n}\n<\/style>\n  <\/div><!-- .banner -->\n\n\n<div class=\"row\"  id=\"row-815425591\">\n<div class=\"col small-12 large-12\"  ><div class=\"col-inner\"  >\n<p>Un loc semnificativ \u00een sistemul general de munc\u0103 corec\u021bional\u0103 \u0219i educa\u021bional\u0103 cu persoane cu abilit\u0103\u021bi intelectuale limitate \u00eel ocup\u0103<strong> preg\u0103tirea \u00een munca lor casnic\u0103.<\/strong> \u00cen procesul de studiu la aceast\u0103 materie, ace\u0219tia \u00ee\u0219i dezvolt\u0103 abilit\u0103\u021bile practice<strong> necesare vie\u021bii lor de zi cu zi.<\/strong><\/p>\n\n  <div class=\"banner has-hover\" id=\"banner-514227064\">\n          <div class=\"banner-inner fill\">\n        <div class=\"banner-bg fill\" >\n            <div class=\"bg fill bg-fill \"><\/div>\n                                    \n                    <\/div><!-- bg-layers -->\n        <div class=\"banner-layers container\">\n            <div class=\"fill banner-link\"><\/div>            \n        <\/div><!-- .banner-layers -->\n      <\/div><!-- .banner-inner -->\n\n            \n<style scope=\"scope\">\n\n#banner-514227064 {\n  padding-top: 500px;\n}\n#banner-514227064 .bg.bg-loaded {\n  background-image: url(https:\/\/hopeandhealth.md\/wp-content\/uploads\/2023\/04\/03-12.jpg);\n}\n<\/style>\n  <\/div><!-- .banner -->\n\n\n<p><strong>Lec\u021biile de economie domestic\u0103<\/strong> sunt un mijloc de cunoa\u0219tere activ\u0103 a realit\u0103\u021bii \u00eenconjur\u0103toare. Activitatea practic\u0103, fiind foarte specific\u0103 \u0219i simpl\u0103 \u00een con\u021binut, este cea mai \u00een\u021beleas\u0103 \u0219i accesibil\u0103 elevilor.<strong> Activitatea practic\u0103, fiind foarte specific\u0103 \u0219i simpl\u0103 \u00een con\u021binut, este cea mai \u00een\u021beleas\u0103 \u0219i accesibil\u0103 elevilor.O varietate de tipuri de munc\u0103 devine o surs\u0103 de dob\u00e2ndire de noi cuno\u0219tin\u021be \u0219i idei.<\/strong>.<\/p>\n\n  <div class=\"banner has-hover\" id=\"banner-1448280019\">\n          <div class=\"banner-inner fill\">\n        <div class=\"banner-bg fill\" >\n            <div class=\"bg fill bg-fill \"><\/div>\n                                    \n                    <\/div><!-- bg-layers -->\n        <div class=\"banner-layers container\">\n            <div class=\"fill banner-link\"><\/div>            \n        <\/div><!-- .banner-layers -->\n      <\/div><!-- .banner-inner -->\n\n            \n<style scope=\"scope\">\n\n#banner-1448280019 {\n  padding-top: 349px;\n}\n#banner-1448280019 .bg.bg-loaded {\n  background-image: url(https:\/\/hopeandhealth.md\/wp-content\/uploads\/2023\/04\/03-13.jpg);\n}\n<\/style>\n  <\/div><!-- .banner -->\n\n\n<p>Sarcinile educa\u021bionale care sunt rezolvate \u00een cursul acestor ore sunt formarea unei atitudini pozitive \u0219i a interesului pentru munca casnic\u0103, <strong>dezvoltarea obiceiurilor de igien\u0103 personal\u0103, cur\u0103\u021benia \u0219i ordinea,<\/strong> inculcarea abilit\u0103\u021bilor de comportament cultural \u0219i dezvoltarea \u043a\u0443\u043b\u044c\u0442\u0443\u0440\u043d\u043e\u0433\u043e \u043f\u043e\u0432\u0435\u0434\u0435\u043d\u0438\u044f, <strong>respectului fa\u021b\u0103 de munc\u0103<\/strong>.<\/p>\n<\/div><\/div>\n<\/div>\n\n  <div class=\"banner has-hover\" id=\"banner-1111506438\">\n          <div class=\"banner-inner fill\">\n        <div class=\"banner-bg fill\" >\n            <div class=\"bg fill bg-fill \"><\/div>\n                                    \n                    <\/div><!-- bg-layers -->\n        <div class=\"banner-layers container\">\n            <div class=\"fill banner-link\"><\/div>            \n        <\/div><!-- .banner-layers -->\n      <\/div><!-- .banner-inner -->\n\n            \n<style scope=\"scope\">\n\n#banner-1111506438 {\n  padding-top: 500px;\n}\n#banner-1111506438 .bg.bg-loaded {\n  background-image: url(https:\/\/hopeandhealth.md\/wp-content\/uploads\/2023\/04\/02-11.jpg);\n}\n<\/style>\n  <\/div><!-- .banner -->\n\n\n","protected":false},"excerpt":{"rendered":"","protected":false},"author":1,"featured_media":894,"parent":0,"menu_order":0,"comment_status":"closed","ping_status":"closed","template":"page-blank.php","meta":{"jetpack_post_was_ever_published":false,"footnotes":""},"class_list":["post-1299","page","type-page","status-publish","has-post-thumbnail","hentry"],"jetpack_sharing_enabled":true,"_links":{"self":[{"href":"https:\/\/hopeandhealth.md\/ro\/wp-json\/wp\/v2\/pages\/1299","targetHints":{"allow":["GET"]}}],"collection":[{"href":"https:\/\/hopeandhealth.md\/ro\/wp-json\/wp\/v2\/pages"}],"about":[{"href":"https:\/\/hopeandhealth.md\/ro\/wp-json\/wp\/v2\/types\/page"}],"author":[{"embeddable":true,"href":"https:\/\/hopeandhealth.md\/ro\/wp-json\/wp\/v2\/users\/1"}],"replies":[{"embeddable":true,"href":"https:\/\/hopeandhealth.md\/ro\/wp-json\/wp\/v2\/comments?post=1299"}],"version-history":[{"count":0,"href":"https:\/\/hopeandhealth.md\/ro\/wp-json\/wp\/v2\/pages\/1299\/revisions"}],"wp:featuredmedia":[{"embeddable":true,"href":"https:\/\/hopeandhealth.md\/ro\/wp-json\/wp\/v2\/media\/894"}],"wp:attachment":[{"href":"https:\/\/hopeandhealth.md\/ro\/wp-json\/wp\/v2\/media?parent=1299"}],"curies":[{"name":"wp","href":"https:\/\/api.w.org\/{rel}","templated":true}]}}