{"id":1304,"date":"2023-04-01T11:40:32","date_gmt":"2023-04-01T11:40:32","guid":{"rendered":"https:\/\/hopeandhealth.md\/muzica\/"},"modified":"2023-04-01T11:40:32","modified_gmt":"2023-04-01T11:40:32","slug":"muzica","status":"publish","type":"page","link":"https:\/\/hopeandhealth.md\/ro\/muzica\/","title":{"rendered":"Muzic\u0103"},"content":{"rendered":"\n  <div class=\"banner has-hover has-parallax\" id=\"banner-1908779239\">\n          <div class=\"banner-inner fill\">\n        <div class=\"banner-bg fill\" data-parallax=\"-2\" data-parallax-container=\".banner\" data-parallax-background>\n            <div class=\"bg fill bg-fill \"><\/div>\n                        <div class=\"overlay\"><\/div>            \n                    <\/div><!-- bg-layers -->\n        <div class=\"banner-layers container\">\n            <div class=\"fill banner-link\"><\/div>            \n   <div id=\"text-box-815269112\" class=\"text-box banner-layer x50 md-x50 lg-x50 y50 md-y50 lg-y50 res-text\">\n                                <div class=\"text dark\">\n              \n              <div class=\"text-inner text-center\">\n                  \n<h3 class=\"uppercase\"><strong>MUZIC\u0102<\/strong><\/h3>\n<div class=\"is-divider divider clearfix\" ><\/div><!-- .divider -->\n<div class=\"social-icons share-icons share-row relative icon-style-outline \" ><a href=\"whatsapp:\/\/send?text=Muzic%C4%83 - https:\/\/hopeandhealth.md\/ro\/muzica\/\" data-action=\"share\/whatsapp\/share\" class=\"icon button circle is-outline tooltip whatsapp show-for-medium\" title=\"Share on WhatsApp\"><i class=\"icon-phone\"><\/i><\/a><a href=\"\/\/www.facebook.com\/sharer.php?u=https:\/\/hopeandhealth.md\/ro\/muzica\/\" data-label=\"Facebook\" onclick=\"window.open(this.href,this.title,'width=500,height=500,top=300px,left=300px');  return false;\" rel=\"noopener noreferrer nofollow\" target=\"_blank\" class=\"icon button circle is-outline tooltip facebook\" title=\"Share on Facebook\"><i class=\"icon-facebook\" ><\/i><\/a><a href=\"\/\/twitter.com\/share?url=https:\/\/hopeandhealth.md\/ro\/muzica\/\" onclick=\"window.open(this.href,this.title,'width=500,height=500,top=300px,left=300px');  return false;\" rel=\"noopener noreferrer nofollow\" target=\"_blank\" class=\"icon button circle is-outline tooltip twitter\" title=\"Share on Twitter\"><i class=\"icon-twitter\" ><\/i><\/a><a href=\"mailto:enteryour@addresshere.com?subject=Muzic%C4%83&amp;body=Check%20this%20out:%20https:\/\/hopeandhealth.md\/ro\/muzica\/\" rel=\"nofollow\" class=\"icon button circle is-outline tooltip email\" title=\"Email to a Friend\"><i class=\"icon-envelop\" ><\/i><\/a><a href=\"\/\/pinterest.com\/pin\/create\/button\/?url=https:\/\/hopeandhealth.md\/ro\/muzica\/&amp;media=https:\/\/hopeandhealth.md\/wp-content\/uploads\/2016\/08\/dummy-1.jpg&amp;description=Muzic%C4%83\" onclick=\"window.open(this.href,this.title,'width=500,height=500,top=300px,left=300px');  return false;\" rel=\"noopener noreferrer nofollow\" target=\"_blank\" class=\"icon button circle is-outline tooltip pinterest\" title=\"Pin on Pinterest\"><i class=\"icon-pinterest\" ><\/i><\/a><a href=\"\/\/plus.google.com\/share?url=https:\/\/hopeandhealth.md\/ro\/muzica\/\" target=\"_blank\" class=\"icon button circle is-outline tooltip google-plus\" onclick=\"window.open(this.href,this.title,'width=500,height=500,top=300px,left=300px');  return false;\" rel=\"noopener noreferrer nofollow\" title=\"Share on Google+\"><i class=\"icon-google-plus\" ><\/i><\/a><a href=\"\/\/www.linkedin.com\/shareArticle?mini=true&url=https:\/\/hopeandhealth.md\/ro\/muzica\/&title=Muzic%C4%83\" onclick=\"window.open(this.href,this.title,'width=500,height=500,top=300px,left=300px');  return false;\"  rel=\"noopener noreferrer nofollow\" target=\"_blank\" class=\"icon button circle is-outline tooltip linkedin\" title=\"Share on LinkedIn\"><i class=\"icon-linkedin\" ><\/i><\/a><\/div>\n              <\/div>\n           <\/div><!-- text-box-inner -->\n                            \n<style scope=\"scope\">\n\n#text-box-815269112 {\n  width: 60%;\n}\n#text-box-815269112 .text {\n  font-size: 100%;\n}\n\n\n@media (min-width:550px) {\n\n  #text-box-815269112 {\n    width: 68%;\n  }\n\n}\n<\/style>\n    <\/div><!-- text-box -->\n \n        <\/div><!-- .banner-layers -->\n      <\/div><!-- .banner-inner -->\n\n            \n<style scope=\"scope\">\n\n#banner-1908779239 {\n  padding-top: 200px;\n}\n#banner-1908779239 .bg.bg-loaded {\n  background-image: url(https:\/\/hopeandhealth.md\/wp-content\/uploads\/2023\/03\/fon-serdechki-1400x298.jpg);\n}\n#banner-1908779239 .overlay {\n  background-color: rgba(0, 0, 0, 0.2);\n}\n<\/style>\n  <\/div><!-- .banner -->\n\n\n<div class=\"row\"  id=\"row-867089346\">\n<div class=\"col small-12 large-12\"  ><div class=\"col-inner\"  >\n<p>Dezvoltarea persoanelor cu dizabilit\u0103\u021bi intelectuale necesit\u0103 alegerea unor forme, metode \u0219i mijloace speciale \u00een organizarea acestui proces, iar unul dintre aceste mijloace este muzica.<\/p>\n\n  <div class=\"banner has-hover\" id=\"banner-491073396\">\n          <div class=\"banner-inner fill\">\n        <div class=\"banner-bg fill\" >\n            <div class=\"bg fill bg-fill \"><\/div>\n                                    \n                    <\/div><!-- bg-layers -->\n        <div class=\"banner-layers container\">\n            <div class=\"fill banner-link\"><\/div>            \n        <\/div><!-- .banner-layers -->\n      <\/div><!-- .banner-inner -->\n\n            \n<style scope=\"scope\">\n\n#banner-491073396 {\n  padding-top: 500px;\n}\n#banner-491073396 .bg.bg-loaded {\n  background-image: url(https:\/\/hopeandhealth.md\/wp-content\/uploads\/2023\/04\/06-.jpg);\n}\n<\/style>\n  <\/div><!-- .banner -->\n\n\n<p>Dezvoltarea percep\u021biei muzicale a persoanelor cu dizabilit\u0103\u021bi intelectuale este o nou\u0103 etap\u0103 a cunoa\u0219terii senzoriale, \u00een procesul c\u0103reia se creeaz\u0103 o imagine holistic\u0103 a fenomenelor muzicale. O imagine holistic\u0103 ia na\u0219tere din mijloacele individuale de exprimare muzical\u0103 \u0219i nu se reduce la aranjarea sau suma lor mecanic\u0103; se formeaz\u0103 pe baza ideilor despre mijloacele de exprimare muzical\u0103, leg\u0103tura lor cu lumea exterioar\u0103, totalitatea senza\u021biilor \u0219i ac\u021biunilor percepute. Dezvoltarea percep\u021biei muzicale a unui \u0219colar junior cu retard mintal ca element necesar pentru formarea percep\u021biei copilului \u00een ansamblu este un proces cu mai multe fa\u021bete.<\/p>\n\n  <div class=\"banner has-hover\" id=\"banner-1279871734\">\n          <div class=\"banner-inner fill\">\n        <div class=\"banner-bg fill\" >\n            <div class=\"bg fill bg-fill \"><\/div>\n                                    \n                    <\/div><!-- bg-layers -->\n        <div class=\"banner-layers container\">\n            <div class=\"fill banner-link\"><\/div>            \n        <\/div><!-- .banner-layers -->\n      <\/div><!-- .banner-inner -->\n\n            \n<style scope=\"scope\">\n\n#banner-1279871734 {\n  padding-top: 349px;\n}\n#banner-1279871734 .bg.bg-loaded {\n  background-image: url(https:\/\/hopeandhealth.md\/wp-content\/uploads\/2023\/04\/02-10.jpg);\n}\n<\/style>\n  <\/div><!-- .banner -->\n\n\n<p>\u00cen general, astfel de oameni \u00ee\u0219i \u00eembun\u0103t\u0103\u021besc sferele emo\u021bional-voli\u021bionale \u0219i motiva\u021bionale-nevoia, activitatea de percep\u021bie cre\u0219te \u0219i se formeaz\u0103 o cultur\u0103 de ascultare muzical\u0103.<\/p>\n<\/div><\/div>\n<\/div>\n\n  <div class=\"banner has-hover\" id=\"banner-1390416322\">\n          <div class=\"banner-inner fill\">\n        <div class=\"banner-bg fill\" >\n            <div class=\"bg fill bg-fill \"><\/div>\n                                    \n                    <\/div><!-- bg-layers -->\n        <div class=\"banner-layers container\">\n            <div class=\"fill banner-link\"><\/div>            \n        <\/div><!-- .banner-layers -->\n      <\/div><!-- .banner-inner -->\n\n            \n<style scope=\"scope\">\n\n#banner-1390416322 {\n  padding-top: 500px;\n}\n#banner-1390416322 .bg.bg-loaded {\n  background-image: url(https:\/\/hopeandhealth.md\/wp-content\/uploads\/2023\/04\/03-11.jpg);\n}\n<\/style>\n  <\/div><!-- .banner -->\n\n\n","protected":false},"excerpt":{"rendered":"","protected":false},"author":1,"featured_media":894,"parent":0,"menu_order":0,"comment_status":"closed","ping_status":"closed","template":"page-blank.php","meta":{"jetpack_post_was_ever_published":false,"footnotes":""},"class_list":["post-1304","page","type-page","status-publish","has-post-thumbnail","hentry"],"jetpack_sharing_enabled":true,"_links":{"self":[{"href":"https:\/\/hopeandhealth.md\/ro\/wp-json\/wp\/v2\/pages\/1304","targetHints":{"allow":["GET"]}}],"collection":[{"href":"https:\/\/hopeandhealth.md\/ro\/wp-json\/wp\/v2\/pages"}],"about":[{"href":"https:\/\/hopeandhealth.md\/ro\/wp-json\/wp\/v2\/types\/page"}],"author":[{"embeddable":true,"href":"https:\/\/hopeandhealth.md\/ro\/wp-json\/wp\/v2\/users\/1"}],"replies":[{"embeddable":true,"href":"https:\/\/hopeandhealth.md\/ro\/wp-json\/wp\/v2\/comments?post=1304"}],"version-history":[{"count":0,"href":"https:\/\/hopeandhealth.md\/ro\/wp-json\/wp\/v2\/pages\/1304\/revisions"}],"wp:featuredmedia":[{"embeddable":true,"href":"https:\/\/hopeandhealth.md\/ro\/wp-json\/wp\/v2\/media\/894"}],"wp:attachment":[{"href":"https:\/\/hopeandhealth.md\/ro\/wp-json\/wp\/v2\/media?parent=1304"}],"curies":[{"name":"wp","href":"https:\/\/api.w.org\/{rel}","templated":true}]}}