{"id":1306,"date":"2023-04-01T11:25:13","date_gmt":"2023-04-01T11:25:13","guid":{"rendered":"https:\/\/hopeandhealth.md\/bucatarie-sociala\/"},"modified":"2023-04-01T11:25:13","modified_gmt":"2023-04-01T11:25:13","slug":"bucatarie-sociala","status":"publish","type":"page","link":"https:\/\/hopeandhealth.md\/ro\/bucatarie-sociala\/","title":{"rendered":"Buc\u0103t\u0103rie social\u0103"},"content":{"rendered":"\n  <div class=\"banner has-hover has-parallax\" id=\"banner-199949151\">\n          <div class=\"banner-inner fill\">\n        <div class=\"banner-bg fill\" data-parallax=\"-2\" data-parallax-container=\".banner\" data-parallax-background>\n            <div class=\"bg fill bg-fill \"><\/div>\n                        <div class=\"overlay\"><\/div>            \n                    <\/div><!-- bg-layers -->\n        <div class=\"banner-layers container\">\n            <div class=\"fill banner-link\"><\/div>            \n   <div id=\"text-box-1434348717\" class=\"text-box banner-layer x50 md-x50 lg-x50 y50 md-y50 lg-y50 res-text\">\n                                <div class=\"text dark\">\n              \n              <div class=\"text-inner text-center\">\n                  \n<h3 class=\"uppercase\"><strong>BUC\u0102T\u0102R\u0102 SOCIAL\u0102<\/strong><\/h3>\n<div class=\"is-divider divider clearfix\" ><\/div><!-- .divider -->\n<div class=\"social-icons share-icons share-row relative icon-style-outline \" ><a href=\"whatsapp:\/\/send?text=Buc%C4%83t%C4%83rie%20social%C4%83 - https:\/\/hopeandhealth.md\/ro\/bucatarie-sociala\/\" data-action=\"share\/whatsapp\/share\" class=\"icon button circle is-outline tooltip whatsapp show-for-medium\" title=\"Share on WhatsApp\"><i class=\"icon-phone\"><\/i><\/a><a href=\"\/\/www.facebook.com\/sharer.php?u=https:\/\/hopeandhealth.md\/ro\/bucatarie-sociala\/\" data-label=\"Facebook\" onclick=\"window.open(this.href,this.title,'width=500,height=500,top=300px,left=300px');  return false;\" rel=\"noopener noreferrer nofollow\" target=\"_blank\" class=\"icon button circle is-outline tooltip facebook\" title=\"Share on Facebook\"><i class=\"icon-facebook\" ><\/i><\/a><a href=\"\/\/twitter.com\/share?url=https:\/\/hopeandhealth.md\/ro\/bucatarie-sociala\/\" onclick=\"window.open(this.href,this.title,'width=500,height=500,top=300px,left=300px');  return false;\" rel=\"noopener noreferrer nofollow\" target=\"_blank\" class=\"icon button circle is-outline tooltip twitter\" title=\"Share on Twitter\"><i class=\"icon-twitter\" ><\/i><\/a><a href=\"mailto:enteryour@addresshere.com?subject=Buc%C4%83t%C4%83rie%20social%C4%83&amp;body=Check%20this%20out:%20https:\/\/hopeandhealth.md\/ro\/bucatarie-sociala\/\" rel=\"nofollow\" class=\"icon button circle is-outline tooltip email\" title=\"Email to a Friend\"><i class=\"icon-envelop\" ><\/i><\/a><a href=\"\/\/pinterest.com\/pin\/create\/button\/?url=https:\/\/hopeandhealth.md\/ro\/bucatarie-sociala\/&amp;media=https:\/\/hopeandhealth.md\/wp-content\/uploads\/2016\/08\/dummy-1.jpg&amp;description=Buc%C4%83t%C4%83rie%20social%C4%83\" onclick=\"window.open(this.href,this.title,'width=500,height=500,top=300px,left=300px');  return false;\" rel=\"noopener noreferrer nofollow\" target=\"_blank\" class=\"icon button circle is-outline tooltip pinterest\" title=\"Pin on Pinterest\"><i class=\"icon-pinterest\" ><\/i><\/a><a href=\"\/\/plus.google.com\/share?url=https:\/\/hopeandhealth.md\/ro\/bucatarie-sociala\/\" target=\"_blank\" class=\"icon button circle is-outline tooltip google-plus\" onclick=\"window.open(this.href,this.title,'width=500,height=500,top=300px,left=300px');  return false;\" rel=\"noopener noreferrer nofollow\" title=\"Share on Google+\"><i class=\"icon-google-plus\" ><\/i><\/a><a href=\"\/\/www.linkedin.com\/shareArticle?mini=true&url=https:\/\/hopeandhealth.md\/ro\/bucatarie-sociala\/&title=Buc%C4%83t%C4%83rie%20social%C4%83\" onclick=\"window.open(this.href,this.title,'width=500,height=500,top=300px,left=300px');  return false;\"  rel=\"noopener noreferrer nofollow\" target=\"_blank\" class=\"icon button circle is-outline tooltip linkedin\" title=\"Share on LinkedIn\"><i class=\"icon-linkedin\" ><\/i><\/a><\/div>\n              <\/div>\n           <\/div><!-- text-box-inner -->\n                            \n<style scope=\"scope\">\n\n#text-box-1434348717 {\n  width: 60%;\n}\n#text-box-1434348717 .text {\n  font-size: 100%;\n}\n\n\n@media (min-width:550px) {\n\n  #text-box-1434348717 {\n    width: 68%;\n  }\n\n}\n<\/style>\n    <\/div><!-- text-box -->\n \n        <\/div><!-- .banner-layers -->\n      <\/div><!-- .banner-inner -->\n\n            \n<style scope=\"scope\">\n\n#banner-199949151 {\n  padding-top: 200px;\n}\n#banner-199949151 .bg.bg-loaded {\n  background-image: url(https:\/\/hopeandhealth.md\/wp-content\/uploads\/2023\/03\/fon-serdechki-1400x298.jpg);\n}\n#banner-199949151 .overlay {\n  background-color: rgba(0, 0, 0, 0.2);\n}\n<\/style>\n  <\/div><!-- .banner -->\n\n\n<div class=\"row\"  id=\"row-1919677269\">\n<div class=\"col small-12 large-12\"  ><div class=\"col-inner\"  >\n<p>\u00cen 2019, 9 adul\u021bi cu dizabilit\u0103\u021bi intelectuale au fost angaja\u021bi ca asisten\u021bi buc\u0103tari \u00een <strong>Buc\u0103t\u0103ria social\u0103 A.O. Speran\u021b\u0103 \u0219i S\u0103n\u0103tate.<\/strong> Ei g\u0103tesc sub supravegherea Buc\u0103tarului \u0219i livreaz\u0103 mese calde la 20 de b\u0103tr\u00e2ni singuratici din sectorul Buiucani. De asemenea, <strong>Buc\u0103t\u0103ria Social\u0103<\/strong> asigur\u0103 masa beneficiarilor centrului de zi &#8211; <strong>aproximativ 20-30 de persoane zilnic.<\/strong><\/p>\n\n  <div class=\"banner has-hover\" id=\"banner-1668357812\">\n          <div class=\"banner-inner fill\">\n        <div class=\"banner-bg fill\" >\n            <div class=\"bg fill bg-fill \"><\/div>\n                                    \n                    <\/div><!-- bg-layers -->\n        <div class=\"banner-layers container\">\n            <div class=\"fill banner-link\"><\/div>            \n        <\/div><!-- .banner-layers -->\n      <\/div><!-- .banner-inner -->\n\n            \n<style scope=\"scope\">\n\n#banner-1668357812 {\n  padding-top: 500px;\n}\n#banner-1668357812 .bg.bg-loaded {\n  background-image: url(https:\/\/hopeandhealth.md\/wp-content\/uploads\/2023\/04\/01-10.jpg);\n}\n<\/style>\n  <\/div><!-- .banner -->\n\n\n<p>Acest program aduce beneficii reciproce dou\u0103 categorii de persoane vulnerabile din punct de vedere social \u2013 nu doar alimenta\u021bia adecvat\u0103 \u0219i terapia ocupa\u021bional\u0103, ci \u0219i comunicarea de care ambele categorii au nevoie&#8230; <strong>Lacrimile \u00een ochii b\u0103tr\u00e2nilor \u00een v\u00e2rst\u0103 singuri<\/strong> \u0219i cuvintele de recuno\u0219tin\u021b\u0103 dovedesc acest lucru. Uneori cer s\u0103 ajute la treburile casnice, de exemplu, s\u0103 scoat\u0103 \u0219i s\u0103 doboare covoare, s\u0103 scoat\u0103 gunoiul &#8230;<\/p>\n\n  <div class=\"banner has-hover\" id=\"banner-168604625\">\n          <div class=\"banner-inner fill\">\n        <div class=\"banner-bg fill\" >\n            <div class=\"bg fill bg-fill \"><\/div>\n                                    \n                    <\/div><!-- bg-layers -->\n        <div class=\"banner-layers container\">\n            <div class=\"fill banner-link\"><\/div>            \n        <\/div><!-- .banner-layers -->\n      <\/div><!-- .banner-inner -->\n\n            \n<style scope=\"scope\">\n\n#banner-168604625 {\n  padding-top: 349px;\n}\n#banner-168604625 .bg.bg-loaded {\n  background-image: url(https:\/\/hopeandhealth.md\/wp-content\/uploads\/2023\/04\/02-9.jpg);\n}\n<\/style>\n  <\/div><!-- .banner -->\n\n\n<p>Participan\u021bii la proiect, care anterior erau adesea privi\u021bi cu pruden\u021b\u0103 pe strad\u0103, se simt utili societ\u0103\u021bii \u0219i familiilor lor. La urma urmei, <strong>sunt pl\u0103ti\u021bi pentru munca lor.<\/strong><\/p>\n<\/div><\/div>\n<\/div>\n\n  <div class=\"banner has-hover\" id=\"banner-2025501354\">\n          <div class=\"banner-inner fill\">\n        <div class=\"banner-bg fill\" >\n            <div class=\"bg fill bg-fill \"><\/div>\n                                    \n                    <\/div><!-- bg-layers -->\n        <div class=\"banner-layers container\">\n            <div class=\"fill banner-link\"><\/div>            \n        <\/div><!-- .banner-layers -->\n      <\/div><!-- .banner-inner -->\n\n            \n<style scope=\"scope\">\n\n#banner-2025501354 {\n  padding-top: 500px;\n}\n#banner-2025501354 .bg.bg-loaded {\n  background-image: url(https:\/\/hopeandhealth.md\/wp-content\/uploads\/2023\/04\/04-7.jpg);\n}\n<\/style>\n  <\/div><!-- .banner -->\n\n\n","protected":false},"excerpt":{"rendered":"","protected":false},"author":1,"featured_media":894,"parent":0,"menu_order":0,"comment_status":"closed","ping_status":"closed","template":"page-blank.php","meta":{"jetpack_post_was_ever_published":false,"footnotes":""},"class_list":["post-1306","page","type-page","status-publish","has-post-thumbnail","hentry"],"jetpack_sharing_enabled":true,"_links":{"self":[{"href":"https:\/\/hopeandhealth.md\/ro\/wp-json\/wp\/v2\/pages\/1306","targetHints":{"allow":["GET"]}}],"collection":[{"href":"https:\/\/hopeandhealth.md\/ro\/wp-json\/wp\/v2\/pages"}],"about":[{"href":"https:\/\/hopeandhealth.md\/ro\/wp-json\/wp\/v2\/types\/page"}],"author":[{"embeddable":true,"href":"https:\/\/hopeandhealth.md\/ro\/wp-json\/wp\/v2\/users\/1"}],"replies":[{"embeddable":true,"href":"https:\/\/hopeandhealth.md\/ro\/wp-json\/wp\/v2\/comments?post=1306"}],"version-history":[{"count":0,"href":"https:\/\/hopeandhealth.md\/ro\/wp-json\/wp\/v2\/pages\/1306\/revisions"}],"wp:featuredmedia":[{"embeddable":true,"href":"https:\/\/hopeandhealth.md\/ro\/wp-json\/wp\/v2\/media\/894"}],"wp:attachment":[{"href":"https:\/\/hopeandhealth.md\/ro\/wp-json\/wp\/v2\/media?parent=1306"}],"curies":[{"name":"wp","href":"https:\/\/api.w.org\/{rel}","templated":true}]}}