{"id":1314,"date":"2023-04-01T10:49:19","date_gmt":"2023-04-01T10:49:19","guid":{"rendered":"https:\/\/hopeandhealth.md\/terapia-prin-arta\/"},"modified":"2023-04-01T10:49:19","modified_gmt":"2023-04-01T10:49:19","slug":"terapia-prin-arta","status":"publish","type":"page","link":"https:\/\/hopeandhealth.md\/ro\/terapia-prin-arta\/","title":{"rendered":"Terapia prin art\u0103"},"content":{"rendered":"\n  <div class=\"banner has-hover has-parallax\" id=\"banner-117030807\">\n          <div class=\"banner-inner fill\">\n        <div class=\"banner-bg fill\" data-parallax=\"-2\" data-parallax-container=\".banner\" data-parallax-background>\n            <div class=\"bg fill bg-fill \"><\/div>\n                        <div class=\"overlay\"><\/div>            \n                    <\/div><!-- bg-layers -->\n        <div class=\"banner-layers container\">\n            <div class=\"fill banner-link\"><\/div>            \n   <div id=\"text-box-872656176\" class=\"text-box banner-layer x50 md-x50 lg-x50 y50 md-y50 lg-y50 res-text\">\n                                <div class=\"text dark\">\n              \n              <div class=\"text-inner text-center\">\n                  \n<h3 class=\"uppercase\"><strong>TERAPIA DE ART\u0102<\/strong><\/h3>\n<div class=\"is-divider divider clearfix\" ><\/div><!-- .divider -->\n<div class=\"social-icons share-icons share-row relative icon-style-outline \" ><a href=\"whatsapp:\/\/send?text=Terapia%20prin%20art%C4%83 - https:\/\/hopeandhealth.md\/ro\/terapia-prin-arta\/\" data-action=\"share\/whatsapp\/share\" class=\"icon button circle is-outline tooltip whatsapp show-for-medium\" title=\"Share on WhatsApp\"><i class=\"icon-phone\"><\/i><\/a><a href=\"\/\/www.facebook.com\/sharer.php?u=https:\/\/hopeandhealth.md\/ro\/terapia-prin-arta\/\" data-label=\"Facebook\" onclick=\"window.open(this.href,this.title,'width=500,height=500,top=300px,left=300px');  return false;\" rel=\"noopener noreferrer nofollow\" target=\"_blank\" class=\"icon button circle is-outline tooltip facebook\" title=\"Share on Facebook\"><i class=\"icon-facebook\" ><\/i><\/a><a href=\"\/\/twitter.com\/share?url=https:\/\/hopeandhealth.md\/ro\/terapia-prin-arta\/\" onclick=\"window.open(this.href,this.title,'width=500,height=500,top=300px,left=300px');  return false;\" rel=\"noopener noreferrer nofollow\" target=\"_blank\" class=\"icon button circle is-outline tooltip twitter\" title=\"Share on Twitter\"><i class=\"icon-twitter\" ><\/i><\/a><a href=\"mailto:enteryour@addresshere.com?subject=Terapia%20prin%20art%C4%83&amp;body=Check%20this%20out:%20https:\/\/hopeandhealth.md\/ro\/terapia-prin-arta\/\" rel=\"nofollow\" class=\"icon button circle is-outline tooltip email\" title=\"Email to a Friend\"><i class=\"icon-envelop\" ><\/i><\/a><a href=\"\/\/pinterest.com\/pin\/create\/button\/?url=https:\/\/hopeandhealth.md\/ro\/terapia-prin-arta\/&amp;media=https:\/\/hopeandhealth.md\/wp-content\/uploads\/2016\/08\/dummy-1.jpg&amp;description=Terapia%20prin%20art%C4%83\" onclick=\"window.open(this.href,this.title,'width=500,height=500,top=300px,left=300px');  return false;\" rel=\"noopener noreferrer nofollow\" target=\"_blank\" class=\"icon button circle is-outline tooltip pinterest\" title=\"Pin on Pinterest\"><i class=\"icon-pinterest\" ><\/i><\/a><a href=\"\/\/plus.google.com\/share?url=https:\/\/hopeandhealth.md\/ro\/terapia-prin-arta\/\" target=\"_blank\" class=\"icon button circle is-outline tooltip google-plus\" onclick=\"window.open(this.href,this.title,'width=500,height=500,top=300px,left=300px');  return false;\" rel=\"noopener noreferrer nofollow\" title=\"Share on Google+\"><i class=\"icon-google-plus\" ><\/i><\/a><a href=\"\/\/www.linkedin.com\/shareArticle?mini=true&url=https:\/\/hopeandhealth.md\/ro\/terapia-prin-arta\/&title=Terapia%20prin%20art%C4%83\" onclick=\"window.open(this.href,this.title,'width=500,height=500,top=300px,left=300px');  return false;\"  rel=\"noopener noreferrer nofollow\" target=\"_blank\" class=\"icon button circle is-outline tooltip linkedin\" title=\"Share on LinkedIn\"><i class=\"icon-linkedin\" ><\/i><\/a><\/div>\n              <\/div>\n           <\/div><!-- text-box-inner -->\n                            \n<style scope=\"scope\">\n\n#text-box-872656176 {\n  width: 60%;\n}\n#text-box-872656176 .text {\n  font-size: 100%;\n}\n\n\n@media (min-width:550px) {\n\n  #text-box-872656176 {\n    width: 68%;\n  }\n\n}\n<\/style>\n    <\/div><!-- text-box -->\n \n        <\/div><!-- .banner-layers -->\n      <\/div><!-- .banner-inner -->\n\n            \n<style scope=\"scope\">\n\n#banner-117030807 {\n  padding-top: 200px;\n}\n#banner-117030807 .bg.bg-loaded {\n  background-image: url(https:\/\/hopeandhealth.md\/wp-content\/uploads\/2023\/03\/fon-serdechki-1400x298.jpg);\n}\n#banner-117030807 .overlay {\n  background-color: rgba(0, 0, 0, 0.2);\n}\n<\/style>\n  <\/div><!-- .banner -->\n\n\n<div class=\"row\"  id=\"row-491524960\">\n<div class=\"col small-12 large-12\"  ><div class=\"col-inner\"  >\n<p>Experien\u0163\u0103 <strong>A.\u041e. Speran\u021b\u0103 \u0219i S\u0103n\u0103tate<\/strong> a demonstrat c\u0103 este mult mai u\u0219or s\u0103 implici noi lucr\u0103tori cu persoane cu dizabilit\u0103\u021bi \u00een modelul <strong>existent de angajare asistat\u0103<\/strong>.<\/p>\n<p><strong>Terapia ocupa\u021bional\u0103<\/strong>, justificat\u0103 individual \u0219i selectat\u0103 ra\u021bional, ac\u021bioneaz\u0103 ca un factor terapeutic. Promoveaz\u0103 dezvoltarea fizic\u0103 \u0219i intelectual\u0103, corectarea func\u021biilor motorii \u0219i normalizarea parametrilor fiziologici generali ai organismului (metabolismul, starea sistemului cardiovascular, respirator \u0219i imunitar), \u00eembun\u0103t\u0103\u021birea somnului, a dispozi\u021biei, a apetitului.<\/p>\n\n  <div class=\"banner has-hover\" id=\"banner-1798796059\">\n          <div class=\"banner-inner fill\">\n        <div class=\"banner-bg fill\" >\n            <div class=\"bg fill bg-fill \"><\/div>\n                                    \n                    <\/div><!-- bg-layers -->\n        <div class=\"banner-layers container\">\n            <div class=\"fill banner-link\"><\/div>            \n        <\/div><!-- .banner-layers -->\n      <\/div><!-- .banner-inner -->\n\n            \n<style scope=\"scope\">\n\n#banner-1798796059 {\n  padding-top: 500px;\n}\n#banner-1798796059 .bg.bg-loaded {\n  background-image: url(https:\/\/hopeandhealth.md\/wp-content\/uploads\/2023\/04\/03-9.jpg);\n}\n<\/style>\n  <\/div><!-- .banner -->\n\n\n<p><strong>Terapia ocupa\u021bional\u0103 are un efect pozitiv asupra st\u0103rii psihologice a unei persoane.<\/strong> Implicarea \u00een activitatea de munc\u0103 a persoanelor retardate mintal urm\u0103re\u0219te obiective largi, \u021bin\u00e2nd cont de perspectiva form\u0103rii \u00een competen\u021be de munc\u0103 \u0219i a angaj\u0103rii cu integrarea ulterioar\u0103 \u00een societate.<\/p>\n<p>Pe baza experien\u021bei programului <strong>de buc\u0103t\u0103rie social\u0103<\/strong> a fost \u00eenfiin\u021bat un al doilea program de angajare asistat\u0103: un model de business social &#8211; produc\u021bia de s\u0103pun personalizat manual.<\/p>\n\n  <div class=\"banner has-hover\" id=\"banner-1994501098\">\n          <div class=\"banner-inner fill\">\n        <div class=\"banner-bg fill\" >\n            <div class=\"bg fill bg-fill \"><\/div>\n                                    \n                    <\/div><!-- bg-layers -->\n        <div class=\"banner-layers container\">\n            <div class=\"fill banner-link\"><\/div>            \n        <\/div><!-- .banner-layers -->\n      <\/div><!-- .banner-inner -->\n\n            \n<style scope=\"scope\">\n\n#banner-1994501098 {\n  padding-top: 349px;\n}\n#banner-1994501098 .bg.bg-loaded {\n  background-image: url(https:\/\/hopeandhealth.md\/wp-content\/uploads\/2023\/04\/mix-01-2.png);\n}\n<\/style>\n  <\/div><!-- .banner -->\n\n\n<p>Ambalate frumos \u00een diverse cutii, <strong>s\u0103punurile ondulate<\/strong> cu ingrediente naturale sunt deja produse \u00een<strong> atelier \u0410.\u041e. Speran\u021b\u0103 \u0219i S\u0103n\u0103tate<\/strong>. Clien\u021bii pot comanda ei \u00een\u0219i\u0219i forma, dimensiunea, culoarea, mirosul, logo-ul.<\/p>\n<\/div><\/div>\n<\/div>\n\n  <div class=\"banner has-hover\" id=\"banner-983740610\">\n          <div class=\"banner-inner fill\">\n        <div class=\"banner-bg fill\" >\n            <div class=\"bg fill bg-fill \"><\/div>\n                                    \n                    <\/div><!-- bg-layers -->\n        <div class=\"banner-layers container\">\n            <div class=\"fill banner-link\"><\/div>            \n        <\/div><!-- .banner-layers -->\n      <\/div><!-- .banner-inner -->\n\n            \n<style scope=\"scope\">\n\n#banner-983740610 {\n  padding-top: 500px;\n}\n#banner-983740610 .bg.bg-loaded {\n  background-image: url(https:\/\/hopeandhealth.md\/wp-content\/uploads\/2023\/04\/07-2.jpg);\n}\n<\/style>\n  <\/div><!-- .banner -->\n\n\n","protected":false},"excerpt":{"rendered":"","protected":false},"author":1,"featured_media":894,"parent":0,"menu_order":0,"comment_status":"closed","ping_status":"closed","template":"page-blank.php","meta":{"jetpack_post_was_ever_published":false,"footnotes":""},"class_list":["post-1314","page","type-page","status-publish","has-post-thumbnail","hentry"],"jetpack_sharing_enabled":true,"_links":{"self":[{"href":"https:\/\/hopeandhealth.md\/ro\/wp-json\/wp\/v2\/pages\/1314","targetHints":{"allow":["GET"]}}],"collection":[{"href":"https:\/\/hopeandhealth.md\/ro\/wp-json\/wp\/v2\/pages"}],"about":[{"href":"https:\/\/hopeandhealth.md\/ro\/wp-json\/wp\/v2\/types\/page"}],"author":[{"embeddable":true,"href":"https:\/\/hopeandhealth.md\/ro\/wp-json\/wp\/v2\/users\/1"}],"replies":[{"embeddable":true,"href":"https:\/\/hopeandhealth.md\/ro\/wp-json\/wp\/v2\/comments?post=1314"}],"version-history":[{"count":0,"href":"https:\/\/hopeandhealth.md\/ro\/wp-json\/wp\/v2\/pages\/1314\/revisions"}],"wp:featuredmedia":[{"embeddable":true,"href":"https:\/\/hopeandhealth.md\/ro\/wp-json\/wp\/v2\/media\/894"}],"wp:attachment":[{"href":"https:\/\/hopeandhealth.md\/ro\/wp-json\/wp\/v2\/media?parent=1314"}],"curies":[{"name":"wp","href":"https:\/\/api.w.org\/{rel}","templated":true}]}}