{"id":1321,"date":"2023-03-31T16:49:16","date_gmt":"2023-03-31T16:49:16","guid":{"rendered":"https:\/\/hopeandhealth.md\/telurile-noastre\/"},"modified":"2023-03-31T16:49:16","modified_gmt":"2023-03-31T16:49:16","slug":"telurile-noastre","status":"publish","type":"page","link":"https:\/\/hopeandhealth.md\/ro\/telurile-noastre\/","title":{"rendered":"Telurile noastre"},"content":{"rendered":"\n  <div class=\"banner has-hover\" id=\"banner-350551935\">\n          <div class=\"banner-inner fill\">\n        <div class=\"banner-bg fill\" >\n            <div class=\"bg fill bg-fill \"><\/div>\n                                    \n                    <\/div><!-- bg-layers -->\n        <div class=\"banner-layers container\">\n            <div class=\"fill banner-link\"><\/div>            \n   <div id=\"text-box-1284117733\" class=\"text-box banner-layer x50 md-x50 lg-x50 y50 md-y50 lg-y50 res-text\">\n                                <div class=\"text dark\">\n              \n              <div class=\"text-inner text-center\">\n                  \n<h3 class=\"uppercase\"><strong>Obiectivul principal<\/strong><\/h3>\n<p>adaptarea social\u0103 la societate a persoanelor cu abilit\u0103\u021bi intelectuale limitate.<\/p>\n              <\/div>\n           <\/div><!-- text-box-inner -->\n                            \n<style scope=\"scope\">\n\n#text-box-1284117733 {\n  width: 60%;\n}\n#text-box-1284117733 .text {\n  font-size: 100%;\n}\n<\/style>\n    <\/div><!-- text-box -->\n \n        <\/div><!-- .banner-layers -->\n      <\/div><!-- .banner-inner -->\n\n            \n<style scope=\"scope\">\n\n#banner-350551935 {\n  padding-top: 182px;\n}\n#banner-350551935 .bg.bg-loaded {\n  background-image: url(https:\/\/hopeandhealth.md\/wp-content\/uploads\/2023\/03\/fon-serdechki-01-1400x379.jpg);\n}\n<\/style>\n  <\/div><!-- .banner -->\n\n\n\n  <div class=\"banner has-hover\" id=\"banner-1102357516\">\n          <div class=\"banner-inner fill\">\n        <div class=\"banner-bg fill\" >\n            <div class=\"bg fill bg-fill \"><\/div>\n                                    \n                    <\/div><!-- bg-layers -->\n        <div class=\"banner-layers container\">\n            <div class=\"fill banner-link\"><\/div>            \n        <\/div><!-- .banner-layers -->\n      <\/div><!-- .banner-inner -->\n\n            \n<style scope=\"scope\">\n\n#banner-1102357516 {\n  padding-top: 500px;\n}\n#banner-1102357516 .bg.bg-loaded {\n  background-image: url(https:\/\/hopeandhealth.md\/wp-content\/uploads\/2023\/03\/01-4.jpg);\n}\n<\/style>\n  <\/div><!-- .banner -->\n\n\n<p><strong>Scopuri principale\u00ab<\/strong><strong>Speran\u021ba \u0219i Sanatate<\/strong><strong>\u00bb:<\/strong><\/p>\n<p>&#8211; s\u0103 dezvolte la adul\u021bii retarda\u021bi mintal abilit\u0103\u021bile vitale de auto\u00eengrijire \u0219i auto\u00eentre\u021binere \u00een via\u021ba de zi cu zi familial\u0103 \u0219i social\u0103.<\/p>\n<p>&#8211; s\u0103 formeze persoane retardate mintal cu abilit\u0103\u021bi profesionale \u00een concordan\u021b\u0103 cu dezvoltarea \u0219i abilit\u0103\u021bile lor pentru angajarea ulterioar\u0103.<\/p>\n<p>&#8211; acord\u0103 asisten\u021b\u0103 p\u0103rin\u021bilor \u00een probleme de \u00eengrijire a copilului sprijin moral familiei.<\/p>\n<p>Pentru atingerea scopurilor \u0219i obiectivelor organiza\u021biei, am creat un Centru de zi, iar apoi ateliere educa\u021bionale, \u00een care tinerii \u00eenva\u021b\u0103 s\u0103 tr\u0103iasc\u0103 independent, dob\u00e2ndind abilit\u0103\u021bi de munc\u0103 \u00een concordan\u021b\u0103 cu starea de s\u0103n\u0103tate \u0219i abilit\u0103\u021bile lor, studiind disciplinele de \u00eenv\u0103\u021b\u0103m\u00e2nt general.<\/p>\n<p>Centrul de zi \u0219i atelierele sunt amplasate \u00een incinta fostei gr\u0103dini\u021be, care a fost transferat\u0103 organiza\u021biei noastre \u00een folosin\u021b\u0103 gratuit\u0103 prin hot\u0103r\u00e2ri ale Consiliului Municipal pe o perioad\u0103 de 25 de ani.<\/p>\n<p>Centrul de zi a fost creat \u0219i func\u021bioneaz\u0103 pentru persoanele cu dizabilit\u0103\u021bi din grupele 1-2 cu diagnostice: tulbur\u0103ri psihice \u0219i psihice, schizofrenie, epilepsie, boala Down \u0219i alte boli.<\/p>\n<p>Centrul dezvolt\u0103 \u0219i implementeaz\u0103 \u00een mod constant programe de formare \u0219i dezvoltare.<\/p>\n<ol>\n<li><strong> S\u0103 \u00eenve\u021be elevii no\u021biunile de baz\u0103 ale abilit\u0103\u021bilor de munc\u0103. \u00cen cadrul atelierelor, copiii sunt \u00eenv\u0103\u021ba\u021bi despre tehnologiile de fabrica\u021bie:<\/strong><\/li>\n<\/ol>\n<p>&#8211; produse din lemn (cadre, scaune, mese, taburete, rafturi);<\/p>\n<p>&#8211; material improvizat, hartie, fire de tricotat;<\/p>\n<p>&#8211; articole vestimentare (m\u0103nu\u0219i, fe\u021be de pern\u0103, cear\u0219afuri, \u0219or\u021buri);<\/p>\n<p>&#8211; produse de \u021besut (covoare decorative din cas\u0103, panouri, \u0219erve\u021bele);<\/p>\n<p> &#8211; produse ceramice (vaze, ghivece, produse ceramice decorative, jardiniere)<\/p>\n<p>&#8211; produse din sticla vopsita, piele, hartie (lampi decorative de masa, vitralii, tablouri etc.).<\/p>\n<ol start=\"2\">\n<li><strong> Pentru a \u00eembun\u0103t\u0103\u021bi s\u0103n\u0103tatea fizic\u0103.<\/strong><\/li>\n<\/ol>\n<p>Unul dintre domeniile prioritare implementate \u00een centrul nostru este implementarea unui program de \u00eembun\u0103t\u0103\u021bire a s\u0103n\u0103t\u0103\u021bii fizice a elevilor no\u0219tri. \u00cen acest scop, se \u021bin zilnic cursuri de educa\u021bie fizic\u0103 cu elevii. Dinamica dezvolt\u0103rii fizice poate fi urm\u0103rit\u0103 \u00een func\u021bie de rezultatele testelor. \u00cen perioada de raportare, b\u0103ie\u021bii au devenit mult mai puternici, au \u00eenv\u0103\u021bat s\u0103 fac\u0103 exerci\u021bii fizice pe care nu le puteau efectua c\u00e2nd intrau \u00een centru.<\/p>\n<p>O \u00eensumare intermediar\u0103 a rezultatelor fiec\u0103rui trimestru este organizarea de concursuri. Pentru prima dat\u0103, copiii no\u0219tri au participat la Primele Olimpiade Speciale Republicane pentru persoane cu dizabilit\u0103\u021bi intelectuale.<\/p>\n<ol start=\"3\">\n<li><strong> Despre educa\u021bia social\u0103 \u0219i studiul disciplinelor generale (\u00een principal matematic\u0103 \u0219i gramatic\u0103).<\/strong><\/li>\n<\/ol>\n<p>Asistentul social \u00eei \u00eenva\u021b\u0103 pe elevi:<\/p>\n<p>&#8211; capacitatea de a se comporta \u00een societate, respectarea regulilor de baz\u0103 de comunicare \u0219i comportament \u00eentr-un magazin, clinic\u0103, oficiu po\u0219tal etc.<\/p>\n<p>\u00cen practic\u0103, elevilor li se arat\u0103 cum s\u0103 se comporte \u00een bazar, cump\u0103r\u00e2nd alimente de la v\u00e2nz\u0103tori priva\u021bi, \u00eentr-un magazin, g\u0103tind &#8211; aleg\u00e2nd bunurile potrivite pentru diverse scopuri (alimente, produse sanitare \u0219i igienice, esen\u021biale etc.).<\/p>\n<p>Scopul cursurilor: s\u0103-i \u00eenve\u021be pe elevi cum s\u0103 navigheze corect \u00een via\u021b\u0103, s\u0103 aleag\u0103 o achizi\u021bie, s\u0103 numere bani \u0219i s\u0103 nu fac\u0103 achizi\u021bii de calitate sc\u0103zut\u0103.<\/p>\n<p>&#8211; dezvoltarea sferei emo\u021bional-voli\u021bionale a elevilor. Desf\u0103\u0219urarea de cursuri privind dezvoltarea adecv\u0103rii sentimentelor, dep\u0103\u0219irea emo\u021biilor egoiste. Elevii sunt \u00eenv\u0103\u021ba\u021bi s\u0103 exprime corect o solicitare, s\u0103 r\u0103spund\u0103 \u00een mod adecvat la apeluri, s\u0103 se protejeze sau s\u0103 evite pericolul.<\/p>\n<ol start=\"4\">\n<li><strong> Pentru autoservire:<\/strong><\/li>\n<\/ol>\n<p>Elevii \u00eenva\u021b\u0103 abilit\u0103\u021bi gospod\u0103re\u0219ti f\u0103c\u00e2nd treburile menajere necesare \u00een centrul de zi (cur\u0103\u021barea spa\u021biilor, cur\u021bii, g\u0103tit, sp\u0103lat vase, \u00eenv\u0103\u021b\u00e2nd s\u0103 aib\u0103 grij\u0103 de lucrurile personale etc.).<\/p>\n<ol start=\"5\">\n<li> <strong>Pentru educa\u021bia estetic\u0103<\/strong>.<\/li>\n<\/ol>\n<p>Programul include:<\/p>\n<p>&#8211; cursuri de educatie muzicala:<\/p>\n<p>&#8211; ore de dezvoltare a abilit\u0103\u0163ilor creative ale elevilor;<\/p>\n<p>&#8211; vizitarea muzeelor, expozi\u021biilor, teatrelor, circului, cinematografului, locurilor istorice ale republicii etc.<\/p>\n<p>Ca parte a educa\u021biei estetice, copiii particip\u0103 la spectacole, concerte, spectacole, organizarea de vacan\u021be etc.<\/p>\n<ol start=\"6\">\n<li><strong> Prin insuflarea regulilor de igien\u0103 personal\u0103.<\/strong><\/li>\n<li><strong> Despre corectarea \u0219i dezvoltarea vorbirii. <\/strong><\/li>\n<\/ol>\n<p>Cursurile sunt \u021binute cu un logoped pentru a corecta structura gramatical\u0103 a vorbirii, a completa vocabularul, a pronun\u021biei sunetului.<\/p>\n<ol start=\"8\">\n<li><strong> Despre instruirea beneficiarilor pentru a lucra \u00een ferma subsidiar\u0103.<\/strong> Programul include \u00eenv\u0103\u021barea copiilor cum s\u0103 lucreze la sol (planificarea unui loc pentru plantare, achizi\u021bionarea corect\u0103 a materialului de semin\u021be, plantarea acestuia \u00een sol deschis etc.). Pe m\u0103sur\u0103 ce plantele cresc, ele \u00eenva\u021b\u0103 s\u0103 aib\u0103 grij\u0103 de plante (plivitul, udarea, af\u00e2narea solului etc.). Apoi sunt instrui\u021bi s\u0103 prelucreze produse agricole.<\/li>\n<\/ol>\n<p>\u00cen incinta Centrului de Zi are loc o expozi\u021bie permanent\u0103 de lucr\u0103ri ale beneficiarilor, care reflect\u0103 rezultatele procesului de \u00eenv\u0103\u021bare.<\/p>\n<p>\u00cen plus, Asocia\u021bia a participat \u00een mod repetat la t\u00e2rguri de caritate organizate de Clubul So\u021biilor Ambasadorilor.<\/p>\n<p>Lucr\u0103rile copiilor au fost prezentate la expozi\u021bii &#8211; v\u00e2nz\u0103ri \u00een Italia, Fran\u021ba.<\/p>\n<p>Pentru a \u00eembun\u0103t\u0103\u021bi profesionalismul personalului, a-\u0219i \u00eembun\u0103t\u0103\u021bi abilit\u0103\u021bile &#8211; to\u021bi oamenii care lucreaz\u0103 \u00een organiza\u021bie particip\u0103 la seminarii, training-uri, \u00eent\u00e2lniri de schimb, studiaz\u0103 metodele \u0219i tehnicile de lucru cu beneficiarii.<\/p>\n<p>Organiza\u021bia ofer\u0103 \u00een mod constant asisten\u021b\u0103 elevilor dintr-un mediu social s\u0103rac, care nu au oportunitatea financiar\u0103 s\u0103 m\u0103n\u00e2nce pe deplin, s\u0103 primeasc\u0103 medicamentele necesare, s\u0103 se \u00eembrace &#8211; \u00een Centrul de zi iau pr\u00e2nzul, se \u00eembrac\u0103.<\/p>\n<p>Pentru a schimba atitudinea societ\u0103\u021bii, autorit\u0103\u021bilor, angajatorilor fa\u021b\u0103 de persoanele cu dizabilit\u0103\u021bi intelectuale, organiza\u021bia face o serie de pa\u0219i:<\/p>\n<p>&#8211; prin mass-media, sunt tratate permanent problemele acestei categorii de oameni, succesul lor \u00een \u00eenv\u0103\u021bare, dificult\u0103\u021bile cu care se confrunt\u0103, atitudinea societ\u0103\u021bii.<\/p>\n<p>&#8211; prin parteneriat cu Guvernul Republicii Moldova se fac demersuri pentru modificarea si completarea cadrului legislativ in ceea ce priveste sprijinul legal pentru organizatii precum a noastra si direct pentru persoanele cu dizabilitati in materie de angajare, asistenta sociala, asistenta medicala si recreere .<\/p>\n<p>&#8211; prin organele de drept s-a elaborat un plan si se implementeaza un set de masuri de protejare a drepturilor persoanelor cu dizabilitati (protejarea proprietatii, a integritatii fizice si morale) demersurile facute s-au schimbat semnificativ pentru mai bine atitudinea societatii \u00een ansamblu, autorit\u0103\u0163i publice, guvern, angajatori fa\u0163\u0103 de problema persoanelor cu dizabilit\u0103\u0163i mintale \u015fi mintale .<\/p>\n<p>Organiza\u021bia, fiind membr\u0103 a Uniunii Persoanelor cu Handicap din Republica Moldova, particip\u0103 activ la promovarea muncii la nivel interna\u021bional.<\/p>\n<p>P\u0103rin\u021bii particip\u0103 activ la seminarii tematice, traininguri, \u00eent\u00e2lniri, care le permit s\u0103 ob\u021bin\u0103 mai multe informa\u021bii despre \u00eengrijirea copiilor bolnavi.<\/p>\n","protected":false},"excerpt":{"rendered":"<p>Scopuri principale\u00abSperan\u021ba \u0219i Sanatate\u00bb: &#8211; s\u0103 dezvolte la adul\u021bii retarda\u021bi mintal abilit\u0103\u021bile vitale de auto\u00eengrijire \u0219i auto\u00eentre\u021binere \u00een via\u021ba de zi cu zi familial\u0103 \u0219i social\u0103. &#8211; s\u0103 formeze persoane retardate mintal cu abilit\u0103\u021bi profesionale \u00een concordan\u021b\u0103 cu dezvoltarea \u0219i abilit\u0103\u021bile lor pentru angajarea ulterioar\u0103. &#8211; acord\u0103 asisten\u021b\u0103 p\u0103rin\u021bilor \u00een probleme de \u00eengrijire a copilului [&#8230;]\n","protected":false},"author":1,"featured_media":0,"parent":0,"menu_order":0,"comment_status":"closed","ping_status":"closed","template":"","meta":{"jetpack_post_was_ever_published":false,"footnotes":""},"class_list":["post-1321","page","type-page","status-publish","hentry"],"jetpack_sharing_enabled":true,"_links":{"self":[{"href":"https:\/\/hopeandhealth.md\/ro\/wp-json\/wp\/v2\/pages\/1321","targetHints":{"allow":["GET"]}}],"collection":[{"href":"https:\/\/hopeandhealth.md\/ro\/wp-json\/wp\/v2\/pages"}],"about":[{"href":"https:\/\/hopeandhealth.md\/ro\/wp-json\/wp\/v2\/types\/page"}],"author":[{"embeddable":true,"href":"https:\/\/hopeandhealth.md\/ro\/wp-json\/wp\/v2\/users\/1"}],"replies":[{"embeddable":true,"href":"https:\/\/hopeandhealth.md\/ro\/wp-json\/wp\/v2\/comments?post=1321"}],"version-history":[{"count":0,"href":"https:\/\/hopeandhealth.md\/ro\/wp-json\/wp\/v2\/pages\/1321\/revisions"}],"wp:attachment":[{"href":"https:\/\/hopeandhealth.md\/ro\/wp-json\/wp\/v2\/media?parent=1321"}],"curies":[{"name":"wp","href":"https:\/\/api.w.org\/{rel}","templated":true}]}}