{"id":1392,"date":"2013-08-11T19:22:53","date_gmt":"2013-08-11T19:22:53","guid":{"rendered":"https:\/\/hopeandhealth.md\/contact\/"},"modified":"2013-08-11T19:22:53","modified_gmt":"2013-08-11T19:22:53","slug":"contact","status":"publish","type":"page","link":"https:\/\/hopeandhealth.md\/ro\/contact\/","title":{"rendered":"Contact"},"content":{"rendered":"<div id=\"wpgmza_map_1\" class=\"wpgmza_map wpgmza-auto-left\" style=\"display:block;width:100%;height:400px;overflow:hidden;position:relative;\" data-map-id=\"1\" data-maps-engine=\"open-layers\" data-build-engine=\"atlas-novus\" data-shortcode-attributes=\"{&quot;id&quot;:&quot;1&quot;,&quot;zoom&quot;:false,&quot;width&quot;:false,&quot;height&quot;:false,&quot;marker&quot;:false,&quot;classname&quot;:false}\" data-settings=\"{&quot;map_title&quot;:&quot;hopeandhealth.md&quot;,&quot;map_width&quot;:&quot;100&quot;,&quot;map_height&quot;:&quot;400&quot;,&quot;map_start_lat&quot;:&quot;47.02224657851204&quot;,&quot;map_start_lng&quot;:&quot;28.794108639145254&quot;,&quot;map_start_location&quot;:&quot;45.950464398418106,-109.81550500000003&quot;,&quot;map_start_zoom&quot;:&quot;17&quot;,&quot;default_marker&quot;:&quot;&quot;,&quot;type&quot;:&quot;0&quot;,&quot;alignment&quot;:&quot;4&quot;,&quot;directions_enabled&quot;:&quot;0&quot;,&quot;styling_enabled&quot;:&quot;0&quot;,&quot;styling_json&quot;:&quot;&quot;,&quot;active&quot;:&quot;0&quot;,&quot;kml&quot;:&quot;&quot;,&quot;bicycle&quot;:&quot;0&quot;,&quot;traffic&quot;:&quot;0&quot;,&quot;dbox&quot;:&quot;0&quot;,&quot;dbox_width&quot;:&quot;&quot;,&quot;listmarkers&quot;:&quot;0&quot;,&quot;listmarkers_advanced&quot;:&quot;0&quot;,&quot;filterbycat&quot;:&quot;0&quot;,&quot;ugm_enabled&quot;:&quot;0&quot;,&quot;ugm_category_enabled&quot;:&quot;0&quot;,&quot;fusion&quot;:&quot;&quot;,&quot;map_width_type&quot;:&quot;%&quot;,&quot;map_height_type&quot;:&quot;px&quot;,&quot;mass_marker_support&quot;:&quot;0&quot;,&quot;ugm_access&quot;:&quot;0&quot;,&quot;order_markers_by&quot;:&quot;0&quot;,&quot;order_markers_choice&quot;:&quot;0&quot;,&quot;show_user_location&quot;:&quot;0&quot;,&quot;default_to&quot;:&quot;&quot;,&quot;map_type&quot;:1,&quot;sl_stroke_color&quot;:&quot;&quot;,&quot;sl_fill_color&quot;:&quot;&quot;,&quot;sl_stroke_opacity&quot;:&quot;&quot;,&quot;sl_fill_opacity&quot;:&quot;&quot;,&quot;transport_layer&quot;:false,&quot;action&quot;:&quot;wpgmza_save_map&quot;,&quot;redirect_to&quot;:&quot;\\\/wp-admin\\\/admin-post.php&quot;,&quot;map_id&quot;:&quot;1&quot;,&quot;wpgmza_savemap&quot;:&quot;\\u0421\\u043e\\u0445\\u0440\\u0430\\u043d\\u0438\\u0442\\u044c \\u043a\\u0430\\u0440\\u0442\\u0443&quot;,&quot;http_referer&quot;:&quot;\\\/wp-admin\\\/admin.php?page=wp-google-maps-menu&amp;amp;action=edit&amp;amp;map_id=1&quot;,&quot;wpgmza_id&quot;:&quot;1&quot;,&quot;wpgmza_start_location&quot;:&quot;47.02224657851204,28.794108639145254&quot;,&quot;wpgmza_start_zoom&quot;:&quot;17&quot;,&quot;wpgmza_map_align&quot;:&quot;1&quot;,&quot;store_locator_enabled&quot;:false,&quot;store_locator_distance&quot;:false,&quot;store_locator_search_area&quot;:&quot;radial&quot;,&quot;wpgmza_store_locator_default_radius&quot;:&quot;10&quot;,&quot;store_locator_auto_area_max_zoom&quot;:&quot;&quot;,&quot;wpgmza_store_locator_radius_style&quot;:&quot;legacy&quot;,&quot;store_locator_component_anchor&quot;:&quot;0&quot;,&quot;wpgmza_store_locator_bounce&quot;:false,&quot;wpgmza_sl_animation&quot;:null,&quot;store_locator_query_string&quot;:&quot;&quot;,&quot;store_locator_location_placeholder&quot;:&quot;&quot;,&quot;store_locator_default_address&quot;:&quot;&quot;,&quot;store_locator_name_search&quot;:false,&quot;store_locator_name_string&quot;:&quot;&quot;,&quot;store_locator_not_found_message&quot;:&quot;&quot;,&quot;store_locator_show_distance&quot;:true,&quot;store_locator_category&quot;:false,&quot;wpgmza_store_locator_use_their_location&quot;:false,&quot;wpgmza_store_locator_hide_before_search&quot;:false,&quot;store_locator_nearby_searches&quot;:false,&quot;wpgmza_ol_tile_filter&quot;:&quot;none&quot;,&quot;wpgmza_theme_data&quot;:&quot;&quot;,&quot;custom_tile_enabled&quot;:false,&quot;custom_tile_image&quot;:&quot;&quot;,&quot;custom_tile_image_width&quot;:&quot;&quot;,&quot;custom_tile_image_height&quot;:&quot;&quot;,&quot;custom_tile_image_attribution&quot;:&quot;&quot;,&quot;iw_primary_color&quot;:&quot;#000000&quot;,&quot;iw_accent_color&quot;:&quot;#000000&quot;,&quot;iw_text_color&quot;:&quot;#000000&quot;,&quot;close_infowindow_on_map_click&quot;:false,&quot;marker_share_links&quot;:false,&quot;wpgmza_listmarkers_by&quot;:&quot;0&quot;,&quot;marker_listing_component_anchor&quot;:null,&quot;marker_listing_component_auto_open&quot;:false,&quot;dataTable_pagination_style&quot;:null,&quot;category_filter_component_anchor&quot;:null,&quot;zoom_level_on_marker_listing_override&quot;:false,&quot;zoom_level_on_marker_listing_click&quot;:&quot;&quot;,&quot;marker_listing_disable_zoom&quot;:false,&quot;datatable_no_result_message&quot;:&quot;&quot;,&quot;remove_search_box_datables&quot;:false,&quot;datatable_search_string&quot;:&quot;&quot;,&quot;datatable_result_start&quot;:&quot;&quot;,&quot;datatable_result_of&quot;:&quot;&quot;,&quot;datatable_result_to&quot;:&quot;&quot;,&quot;datatable_result_total&quot;:&quot;&quot;,&quot;datatable_result_show&quot;:&quot;&quot;,&quot;datatable_result_entries&quot;:&quot;&quot;,&quot;category_legends_enabled&quot;:false,&quot;category_legends_component_anchor&quot;:null,&quot;jump_to_nearest_marker_on_initialization&quot;:false,&quot;click_open_link&quot;:false,&quot;wpgmza_zoom_on_marker_click&quot;:false,&quot;wpgmza_zoom_on_marker_click_slider&quot;:&quot;&quot;,&quot;polygon_labels&quot;:false,&quot;disable_polygon_info_windows&quot;:false,&quot;fit_maps_bounds_to_markers&quot;:false,&quot;fit_maps_bounds_to_markers_after_filtering&quot;:false,&quot;automatically_pan_to_users_location&quot;:false,&quot;override_users_location_zoom_level&quot;:false,&quot;override_users_location_zoom_levels&quot;:&quot;&quot;,&quot;show_distance_from_location&quot;:false,&quot;map_starts_in_streetview&quot;:false,&quot;map_starts_in_streetview_location&quot;:&quot;&quot;,&quot;map_starts_in_streetview_heading&quot;:&quot;&quot;,&quot;map_starts_in_streetview_pitch&quot;:&quot;&quot;,&quot;map_max_zoom&quot;:&quot;21&quot;,&quot;map_min_zoom&quot;:&quot;0&quot;,&quot;hide_point_of_interest&quot;:false,&quot;disable_lightbox_images&quot;:false,&quot;use_Raw_Jpeg_Coordinates&quot;:false,&quot;enable_marker_ratings&quot;:false,&quot;only_load_markers_within_viewport&quot;:false,&quot;id&quot;:1}\" ><\/div>\n<p style=\"text-align: center;\"> <span style=\"font-size: 115%;\"><strong> Moldova, Chisinau, <\/strong><\/span><span style=\"font-size: 115%;\"><strong>Str. V.Lupu 81\/2, Tel.: <a class=\"tooltip tooltipstered\" href=\"tel:+373%20688%2095%20636\">+373 22 71 85 54<\/a><\/strong><\/span><\/p>\n<div class=\"row\"  id=\"row-1475774517\">\n<div class=\"col medium-6 large-6\"  ><div class=\"col-inner\"  >\n<div class=\"container section-title-container\" ><h3 class=\"section-title section-title-normal\"><b><\/b><span class=\"section-title-main\" >\u00centreb\u0103ri Frecvente (FAQ)<\/span><b><\/b><\/h3><\/div><!-- .section-title -->\n<p class=\"lead\">V\u0103 rug\u0103m s\u0103 citi\u021bi urm\u0103toarele \u00eentreb\u0103ri frecvente \u00eenainte de a utiliza formularul \u201eTrimite\u021bi mesajul\u201d:<\/p>\n<div class=\"accordion\" rel=\"\">\n<div class=\"accordion-item\"><a href=\"#\" class=\"accordion-title plain\"><button class=\"toggle\"><i class=\"icon-angle-down\"><\/i><\/button><span>Cine sunt persoanele cu dizabilit\u0103\u021bi intelectuale? Este un nume politicos pentru retardul mintal?<\/span><\/a><div class=\"accordion-inner\">\n<p class=\"SimpleBlock-module_p__Q3azD SimpleBlock-module_center__2rjif\">Persoanele cu dizabilit\u0103\u021bi intelectuale au un handicap mintal. <\/p>\n<p class=\"SimpleBlock-module_p__Q3azD SimpleBlock-module_center__2rjif\">O tulburare mintal\u0103 \u00een sine nu duce neap\u0103rat la dizabilitate. Tulbur\u0103rile mintale difer\u0103 unele de altele: unele dureaz\u0103 o perioad\u0103 scurt\u0103 de timp \u0219i nu au consecin\u021be grave asupra vie\u021bii pacientului, altele devin cronice \u0219i schimb\u0103 semnificativ via\u021ba unei persoane.<\/p>\n<p class=\"SimpleBlock-module_p__Q3azD SimpleBlock-module_center__2rjif\">Dizabilitatea este un concept social. Este atribuit dac\u0103, din cauza unei boli sau r\u0103niri, o persoan\u0103 nu poate (sau poate, dar cu dificultate) s\u0103 se mi\u0219te, s\u0103 studieze, s\u0103 lucreze \u0219i s\u0103 comunice \u00een mod independent. Atacurile de panic\u0103, depresia \u0219i, \u00een unele cazuri, schizofrenia \u0219i tulburarea afectiv\u0103 bipolar\u0103 (BAD) pot s\u0103 nu afecteze abilit\u0103\u021bile de mai sus &#8211; \u00een astfel de cazuri nu va exista nicio baz\u0103 pentru o dizabilitate.<\/p>\n<p class=\"SimpleBlock-module_p__Q3azD SimpleBlock-module_center__2rjif\">Invaliditatea poate fi ob\u021binut\u0103 de pacien\u021bii cu tulbur\u0103ri mintale cronice severe: de exemplu, persoanele cu schizofrenie, retard mintal, consecin\u021bele leziunilor cerebrale traumatice, accidente vasculare cerebrale \u0219i hemoragii cerebrale, persoanele cu demen\u021b\u0103. Tulburarea bipolar\u0103 sever\u0103 sau episoadele recurente de depresie pot duce, de asemenea, la dizabilitate. Este important ca cauza dizabilit\u0103\u021bii s\u0103 nu fie tulburarea \u00een sine, ci incapacitatea de a face f\u0103r\u0103 ajutor \u00een via\u021ba de zi cu zi. \u00cen documentele oficiale, aceasta se nume\u0219te handicap.<\/p>\n<p class=\"SimpleBlock-module_p__Q3azD SimpleBlock-module_center__2rjif\">Pentru ca o persoan\u0103 s\u0103 primeasc\u0103 un handicap, trebuie s\u0103 confirma\u021bi oficial c\u0103 are nevoie de asisten\u021b\u0103 social\u0103.<\/p>\n<\/div><\/div>\n<div class=\"accordion-item\"><a href=\"#\" class=\"accordion-title plain\"><button class=\"toggle\"><i class=\"icon-angle-down\"><\/i><\/button><span>Persoanele cu dizabilit\u0103\u021bi intelectuale \u00een\u021beleg c\u0103 au un handicap mintal?<\/span><\/a><div class=\"accordion-inner\">\n<p>Majoritatea persoanelor cu dizabilit\u0103\u021bi mintale \u00een\u021beleg c\u0103 li s-a atribuit un grup de dizabilit\u0103\u021bi. Unii oameni cu tulbur\u0103ri mintale nu \u00een\u021beleg c\u0103 sunt persoane cu dizabilit\u0103\u021bi. Dar, de regul\u0103, ace\u0219tia sunt pacien\u021bi cu memorie \u0219i inteligen\u021b\u0103 semnificativ reduse (de exemplu, cu demen\u021b\u0103), iar \u00een cazul lor, lipsa de \u00een\u021belegere a statutului lor social este cea mai mic\u0103 dintre probleme. <\/p>\n<\/div><\/div>\n<div class=\"accordion-item\"><a href=\"#\" class=\"accordion-title plain\"><button class=\"toggle\"><i class=\"icon-angle-down\"><\/i><\/button><span>Cum s\u0103 te compor\u021bi c\u00e2nd comunici cu o astfel de persoan\u0103?<\/span><\/a><div class=\"accordion-inner\">\n<p class=\"SimpleBlock-module_p__Q3azD SimpleBlock-module_center__2rjif\">O tulburare mintal\u0103 nu va fi neap\u0103rat vizibil\u0103 atunci c\u00e2nd comunica\u021bi cu o persoan\u0103. Acela\u0219i lucru este valabil \u0219i pentru dizabilit\u0103\u021bi. Dar dac\u0103 cunoa\u0219te\u021bi dizabilitatea interlocutorului sau a rudei sale, este mai bine s\u0103 am\u00e2na\u021bi s\u0103 \u00eentreba\u021bi despre asta p\u00e2n\u0103 v\u0103 cunoa\u0219te\u021bi mai bine, pentru a nu crea o situa\u021bie \u00een care toat\u0103 lumea s\u0103 fie jenat\u0103.<\/p>\n<p class=\"SimpleBlock-module_p__Q3azD SimpleBlock-module_center__2rjif\">De asemenea, nu merit\u0103 s\u0103 ne \u00eentreb\u0103m de ce nu func\u021bioneaz\u0103 o persoan\u0103 cu aspect s\u0103n\u0103tos \u0219i cu dizabilit\u0103\u021bi. Tulbur\u0103rile mintale cronice se dezvolt\u0103 adesea la oameni la o v\u00e2rst\u0103 t\u00e2n\u0103r\u0103 sau adult\u0103. O persoan\u0103 poate p\u0103rea s\u0103n\u0103toas\u0103 din punct de vedere fizic, dar sc\u0103derea voin\u021bei \u0219i tulbur\u0103rile de g\u00e2ndire ale schizofreniei, de exemplu, afecteaz\u0103 capacitatea de a lucra la fel ca orice alt\u0103 boal\u0103 sau r\u0103nire grav\u0103.<\/p>\n<\/div><\/div>\n<div class=\"accordion-item\"><a href=\"#\" class=\"accordion-title plain\"><button class=\"toggle\"><i class=\"icon-angle-down\"><\/i><\/button><span>Pot persoanele cu dizabilit\u0103\u021bi intelectuale s\u0103 se c\u0103s\u0103toreasc\u0103 \u0219i s\u0103 creasc\u0103 copii?<\/span><\/a><div class=\"accordion-inner\">\n<p class=\"SimpleBlock-module_p__Q3azD SimpleBlock-module_center__2rjif\">Persoanele cu dizabilit\u0103\u021bi mintale \u00eencep rela\u021bii, se c\u0103s\u0103toresc \u0219i au copii. Nu toat\u0103 lumea face acest lucru, iar motivul aici nu este doar boala \u00een sine, ci \u0219i stigmatizarea acesteia. <\/p>\n<p class=\"SimpleBlock-module_p__Q3azD SimpleBlock-module_center__2rjif\">Orice interdic\u021bie bazat\u0103 pe statutul social este discriminare. \u00cen sine, handicapul \u0219i incapacitatea de a munci nu \u00eenseamn\u0103 c\u0103 o persoan\u0103 ar trebui s\u0103 fie privat\u0103 de via\u021ba \u00een societate \u0219i de \u0219ansa de a-\u0219i \u00eentemeia o familie. S\u0103n\u0103tatea \u0219i succesul \u00een rela\u021biile de familie nu sunt direct legate. La urma urmei, exist\u0103 o mul\u021bime de oameni s\u0103n\u0103to\u0219i \u0219i ap\u021bi care nu pot face fa\u021b\u0103 cre\u0219terii copiilor lor \u0219i nici m\u0103car s\u0103 le fac\u0103 r\u0103u. <\/p>\n<p class=\"SimpleBlock-module_p__Q3azD SimpleBlock-module_center__2rjif\">O persoan\u0103 cu dizabilit\u0103\u021bi nu \u00eenceteaz\u0103 s\u0103 fie o persoan\u0103. Chiar dac\u0103 ni se pare ridicol sau ridicol c\u0103 astfel de oameni \u00ee\u0219i doresc \u0219i rela\u021bii \u0219i sex, o astfel de reac\u021bie ne caracterizeaz\u0103 mai degrab\u0103 dec\u00e2t persoanele cu dizabilit\u0103\u021bi. <\/p>\n<p class=\"SimpleBlock-module_p__Q3azD SimpleBlock-module_center__2rjif\">Persoanele cu tulbur\u0103ri mintale severe au dreptul de a face sex ca to\u021bi ceilal\u021bi dac\u0103 doresc. Sexul este o surs\u0103 important\u0103 de emo\u021bii pozitive \u0219i o modalitate de a consolida rela\u021biile, inclusiv pentru persoanele cu dizabilit\u0103\u021bi.<\/p>\n<p>Un rol separat \u00eel joac\u0103 educa\u021bia sexual\u0103 pentru copiii \u0219i adolescen\u021bii cu probleme psihice. Nu este vorba doar despre abilit\u0103\u021bile contraceptive, ci mai mult despre \u00eenv\u0103\u021barea despre corpul t\u0103u \u0219i despre regulile de siguran\u021b\u0103 sexual\u0103. Un copil sau un adolescent cu dizabilit\u0103\u021bi intelectuale poate deveni cu u\u0219urin\u021b\u0103 o victim\u0103 a agresiunii sexuale, iar educa\u021bia poate ajuta la reducerea riscului.<\/p>\n<\/div><\/div>\n<div class=\"accordion-item\"><a href=\"#\" class=\"accordion-title plain\"><button class=\"toggle\"><i class=\"icon-angle-down\"><\/i><\/button><span>Este educa\u021bia incluziv\u0103 pentru persoanele cu dizabilit\u0103\u021bi intelectuale un lucru bun? \u0218i copiii s\u0103n\u0103to\u0219i mintal nu vor suferi?<\/span><\/a><div class=\"accordion-inner\">\n<ul>\n<li>\n<p class=\"SimpleBlock-module_p__Q3azD SimpleBlock-module_center__2rjif\">Cheia succesului educa\u021biei incluzive <a href=\"https:\/\/web.a.ebscohost.com\/abstract?direct=true&amp;profile=ehost&amp;scope=site&amp;authtype=crawler&amp;jrnl=07908695&amp;AN=120883159&amp;h=8LQioqq7j7Ghqqw7m0Sgjuw8egZcQGSE67TwPFreee0MRRlVXPNvfs7nUZFKqjdDFXAY0woLSTA65euW0jQwzg%3d%3d&amp;crl=c&amp;resultNs=AdminWebAuth&amp;resultLocal=ErrCrlNotAuth&amp;crlhashurl=login.aspx%3fdirect%3dtrue%26profile%3dehost%26scope%3dsite%26authtype%3dcrawler%26jrnl%3d07908695%26AN%3d120883159\" target=\"_blank\" rel=\"noopener\">este acceptarea<\/a> unui alt elev sau student de c\u0103tre grup \u0219i profesori. F\u0103r\u0103 aceasta, educa\u021bia nu va fi util\u0103 \u0219i poate chiar d\u0103una.<\/p>\n<p class=\"SimpleBlock-module_p__Q3azD SimpleBlock-module_center__2rjif\">P\u0103rin\u021bii altor copii se pot teme c\u0103 un copil cu nevoi speciale va atrage toat\u0103 aten\u021bia profesorilor sau va perturba disciplina de la clas\u0103 &#8211; iar acest lucru va afecta performan\u021ba tuturor celorlal\u021bi. Exist\u0103 dou\u0103 r\u0103spunsuri la aceasta.<\/p>\n<p class=\"SimpleBlock-module_p__Q3azD SimpleBlock-module_center__2rjif\">\u00cen primul r\u00e2nd, chiar \u0219i un elev s\u0103n\u0103tos mintal poate \u00eenc\u0103lca disciplina \u0219i poate interfera cu ceilal\u021bi. \u00cen al doilea r\u00e2nd, educa\u021bia incluziv\u0103 necesit\u0103 o bun\u0103 preg\u0103tire nu numai pentru profesori \u0219i clas\u0103, ci \u0219i pentru copilul \u00eensu\u0219i. Nu to\u021bi copiii cu o tulburare mintal\u0103 pot merge la o \u0219coal\u0103 obi\u0219nuit\u0103. Pentru astfel de copii au fost dezvoltate programe speciale de antrenament, inclusiv cele individuale \u0219i la domiciliu.<\/p>\n<p class=\"SimpleBlock-module_p__Q3azD SimpleBlock-module_center__2rjif\">Pe de alt\u0103 parte, dac\u0103 educa\u021bia incluziv\u0103 este organizat\u0103 corespunz\u0103tor, elevii acestei clase primesc o experien\u021b\u0103 social\u0103 unic\u0103, \u00eembun\u0103t\u0103\u021besc abilit\u0103\u021bile de comunicare \u0219i r\u0103spunsul emo\u021bional. La urma urmei, studiul este o surs\u0103 nu numai de cuno\u0219tin\u021be, ci \u0219i de abilit\u0103\u021bi sociale \u0219i este greu de spus care este mai important.<\/p>\n<p class=\"SimpleBlock-module_p__Q3azD SimpleBlock-module_center__2rjif\">Beneficiile pentru elevii cu dizabilit\u0103\u021bi mintale sunt, de asemenea, clare &#8211; primesc o educa\u021bie cu perspective bune \u0219i sunt mai bine preg\u0103ti\u021bi pentru via\u021ba \u00een societate. <\/p>\n<\/li>\n<\/ul>\n<\/div><\/div>\n<div class=\"accordion-item\"><a href=\"#\" class=\"accordion-title plain\"><button class=\"toggle\"><i class=\"icon-angle-down\"><\/i><\/button><span>O persoan\u0103 cu dizabilit\u0103\u021bi intelectuale \u00eenseamn\u0103 incapacitate complet\u0103?<\/span><\/a><div class=\"accordion-inner\">\n<p class=\"SimpleBlock-module_p__Q3azD SimpleBlock-module_center__2rjif\">Nu, nu este. Incapacitatea este o categorie juridic\u0103 care \u00eenseamn\u0103 incapacitatea unei persoane de a-\u0219i direc\u021biona ac\u021biunile sau de a le \u00een\u021belege sensul. Este nevoie de dovada \u00een ordin special &#8211; printr-o \u0219edin\u021b\u0103 de judecat\u0103 \u0219i o examinare psihiatric\u0103 medico-legal\u0103. <\/p>\n<p class=\"SimpleBlock-module_p__Q3azD SimpleBlock-module_center__2rjif\">\u00cen sine, handicapul datorat unei tulbur\u0103ri mintale, chiar \u0219i primul grup, nu \u00eenseamn\u0103 privarea automat\u0103 a capacit\u0103\u021bii juridice. \u0218i nu orice persoan\u0103 cu dizabilit\u0103\u021bi mintale poate fi invalidat\u0103.<\/p>\n<\/div><\/div>\n<div class=\"accordion-item\"><a href=\"#\" class=\"accordion-title plain\"><button class=\"toggle\"><i class=\"icon-angle-down\"><\/i><\/button><span>Sunt periculoase persoanele cu dizabilit\u0103\u021bi?<\/span><\/a><div class=\"accordion-inner\">\n<p>Nu exist\u0103 studii care s\u0103 confirme c\u0103 persoanele cu dizabilit\u0103\u021bi mintale sunt mai periculoase dec\u00e2t persoanele f\u0103r\u0103 aceasta. \u00cen acela\u0219i timp, studiile <a href=\"https:\/\/www.ncbi.nlm.nih.gov\/pmc\/articles\/PMC3756896\/\" target=\"_blank\" rel=\"noopener\">arat\u0103<\/a> c\u0103 pacien\u021bii care sufer\u0103 de tulbur\u0103ri mintale au mai multe \u0219anse de a deveni victime ale infrac\u021biunilor dec\u00e2t criminalii. Pacien\u021bii cu tulbur\u0103ri mintale \u0219i cei care au suferit un handicap reprezint\u0103 un grup social vulnerabil care are nevoie de protec\u021bie \u0219i sprijin din partea societ\u0103\u021bii, \u0219i nu de control suplimentar din partea agen\u021biilor de aplicare a legii.<\/p>\n<\/div><\/div>\n<\/div>\n<\/div><\/div>\n<div class=\"col medium-6 large-6\"  ><div class=\"col-inner\"  >\n<div class=\"container section-title-container\" ><h3 class=\"section-title section-title-normal\"><b><\/b><span class=\"section-title-main\" >Trimite mesajul t\u0103u<\/span><b><\/b><\/h3><\/div><!-- .section-title -->\n[formidable id=&#8221;1&#8243;]\n<p>Exper\u021bii no\u0219tri v\u0103 vor r\u0103spunde la adresa dvs. de e-mail sau v\u0103 vor contacta telefonic c\u00e2t mai cur\u00e2nd posibil.<\/p>\n<\/div><\/div>\n<\/div>\n","protected":false},"excerpt":{"rendered":"<p>Moldova, Chisinau, Str. V.Lupu 81\/2, Tel.: +373 22 71 85 54<\/p>\n","protected":false},"author":1,"featured_media":894,"parent":0,"menu_order":0,"comment_status":"closed","ping_status":"closed","template":"page-blank.php","meta":{"jetpack_post_was_ever_published":false,"footnotes":""},"class_list":["post-1392","page","type-page","status-publish","has-post-thumbnail","hentry"],"jetpack_sharing_enabled":true,"_links":{"self":[{"href":"https:\/\/hopeandhealth.md\/ro\/wp-json\/wp\/v2\/pages\/1392","targetHints":{"allow":["GET"]}}],"collection":[{"href":"https:\/\/hopeandhealth.md\/ro\/wp-json\/wp\/v2\/pages"}],"about":[{"href":"https:\/\/hopeandhealth.md\/ro\/wp-json\/wp\/v2\/types\/page"}],"author":[{"embeddable":true,"href":"https:\/\/hopeandhealth.md\/ro\/wp-json\/wp\/v2\/users\/1"}],"replies":[{"embeddable":true,"href":"https:\/\/hopeandhealth.md\/ro\/wp-json\/wp\/v2\/comments?post=1392"}],"version-history":[{"count":0,"href":"https:\/\/hopeandhealth.md\/ro\/wp-json\/wp\/v2\/pages\/1392\/revisions"}],"wp:featuredmedia":[{"embeddable":true,"href":"https:\/\/hopeandhealth.md\/ro\/wp-json\/wp\/v2\/media\/894"}],"wp:attachment":[{"href":"https:\/\/hopeandhealth.md\/ro\/wp-json\/wp\/v2\/media?parent=1392"}],"curies":[{"name":"wp","href":"https:\/\/api.w.org\/{rel}","templated":true}]}}