{"id":1404,"date":"2023-04-11T17:05:58","date_gmt":"2023-04-11T17:05:58","guid":{"rendered":"https:\/\/hopeandhealth.md\/product\/sculpturi-din-hartie-la-comanda\/"},"modified":"2023-04-11T17:05:58","modified_gmt":"2023-04-11T17:05:58","slug":"skulptury-iz-bumagi-na-zakaz","status":"publish","type":"product","link":"https:\/\/hopeandhealth.md\/ro\/produs\/skulptury-iz-bumagi-na-zakaz\/","title":{"rendered":"Sculpturi din h\u00e2rtie la comand\u0103."},"content":{"rendered":"<p>Facem diferite modele din carton <strong>de designer de \u00eenalt\u0103 calitate, folosind tehnica de sculptur\u0103 3D pe h\u00e2rtie<\/strong>. Ai o ocazie rar\u0103 s\u0103 iei un animal de companie exotic pentru tine sau prieteni, s\u0103 decorezi interiorul casei tale, s\u0103 organizezi o petrecere \u00een m\u0103\u0219ti realizate \u00een atelierul nostru!<br \/>\n<strong>Instructiuni de ingrijire &#8211;<\/strong><br \/>\nFragil. Se recomand\u0103 pr\u0103fuirea uscat\u0103.<br \/>\nSe ata\u0219eaz\u0103 pe orice suprafa\u021b\u0103 cu band\u0103 dubl\u0103.<\/p>\n<p><strong>Pre\u021burile depind de volumul de lucru, de dimensiunea produsului. 250-800 lei.<\/strong><\/p>\n","protected":false},"excerpt":{"rendered":"<p>Facem diferite modele din carton de designer de \u00eenalt\u0103 calitate, folosind tehnica de sculptur\u0103 3D pe h\u00e2rtie. Ai o ocazie rar\u0103 s\u0103 iei un animal de companie exotic pentru tine sau prieteni, s\u0103 decorezi interiorul casei tale, s\u0103 organizezi o petrecere \u00een m\u0103\u0219ti realizate \u00een atelierul nostru! Instructiuni de ingrijire &#8211; Fragil. Se recomand\u0103 pr\u0103fuirea [&#8230;]\n","protected":false},"featured_media":1266,"comment_status":"open","ping_status":"closed","template":"","meta":{"jetpack_post_was_ever_published":false},"product_cat":[155],"product_tag":[156],"class_list":["post-1404","product","type-product","status-publish","has-post-thumbnail","hentry","product_cat-social-bunuri","product_tag-sculpturi-din-hartie"],"jetpack_sharing_enabled":true,"_links":{"self":[{"href":"https:\/\/hopeandhealth.md\/ro\/wp-json\/wp\/v2\/product\/1404","targetHints":{"allow":["GET"]}}],"collection":[{"href":"https:\/\/hopeandhealth.md\/ro\/wp-json\/wp\/v2\/product"}],"about":[{"href":"https:\/\/hopeandhealth.md\/ro\/wp-json\/wp\/v2\/types\/product"}],"replies":[{"embeddable":true,"href":"https:\/\/hopeandhealth.md\/ro\/wp-json\/wp\/v2\/comments?post=1404"}],"wp:featuredmedia":[{"embeddable":true,"href":"https:\/\/hopeandhealth.md\/ro\/wp-json\/wp\/v2\/media\/1266"}],"wp:attachment":[{"href":"https:\/\/hopeandhealth.md\/ro\/wp-json\/wp\/v2\/media?parent=1404"}],"wp:term":[{"taxonomy":"product_cat","embeddable":true,"href":"https:\/\/hopeandhealth.md\/ro\/wp-json\/wp\/v2\/product_cat?post=1404"},{"taxonomy":"product_tag","embeddable":true,"href":"https:\/\/hopeandhealth.md\/ro\/wp-json\/wp\/v2\/product_tag?post=1404"}],"curies":[{"name":"wp","href":"https:\/\/api.w.org\/{rel}","templated":true}]}}