{"id":1415,"date":"2023-04-06T07:51:51","date_gmt":"2023-04-06T07:51:51","guid":{"rendered":"https:\/\/hopeandhealth.md\/product\/ganganii-de-gips\/"},"modified":"2023-04-06T07:51:51","modified_gmt":"2023-04-06T07:51:51","slug":"zhuchki-iz-gipsa","status":"publish","type":"product","link":"https:\/\/hopeandhealth.md\/ro\/produs\/zhuchki-iz-gipsa\/","title":{"rendered":"G\u00e2ng\u0103nii de gips"},"content":{"rendered":"<p><strong>G\u00e2ng\u0103nile de gips<\/strong> &#8211; lucrate manual, pictate manual.<\/p>\n<p>Pretul este pentru 1 bucata.<\/p>\n","protected":false},"excerpt":{"rendered":"<p>G\u00e2ng\u0103nile de gips &#8211; lucrate manual, pictate manual. Pretul este pentru 1 bucata.<\/p>\n","protected":false},"featured_media":1244,"comment_status":"open","ping_status":"closed","template":"","meta":{"jetpack_post_was_ever_published":false},"product_cat":[155],"product_tag":[167],"class_list":["post-1415","product","type-product","status-publish","has-post-thumbnail","hentry","product_cat-social-bunuri","product_tag-bug-uri-de-gips"],"jetpack_sharing_enabled":true,"_links":{"self":[{"href":"https:\/\/hopeandhealth.md\/ro\/wp-json\/wp\/v2\/product\/1415","targetHints":{"allow":["GET"]}}],"collection":[{"href":"https:\/\/hopeandhealth.md\/ro\/wp-json\/wp\/v2\/product"}],"about":[{"href":"https:\/\/hopeandhealth.md\/ro\/wp-json\/wp\/v2\/types\/product"}],"replies":[{"embeddable":true,"href":"https:\/\/hopeandhealth.md\/ro\/wp-json\/wp\/v2\/comments?post=1415"}],"wp:featuredmedia":[{"embeddable":true,"href":"https:\/\/hopeandhealth.md\/ro\/wp-json\/wp\/v2\/media\/1244"}],"wp:attachment":[{"href":"https:\/\/hopeandhealth.md\/ro\/wp-json\/wp\/v2\/media?parent=1415"}],"wp:term":[{"taxonomy":"product_cat","embeddable":true,"href":"https:\/\/hopeandhealth.md\/ro\/wp-json\/wp\/v2\/product_cat?post=1415"},{"taxonomy":"product_tag","embeddable":true,"href":"https:\/\/hopeandhealth.md\/ro\/wp-json\/wp\/v2\/product_tag?post=1415"}],"curies":[{"name":"wp","href":"https:\/\/api.w.org\/{rel}","templated":true}]}}