{"id":1420,"date":"2023-04-06T07:38:45","date_gmt":"2023-04-06T07:38:45","guid":{"rendered":"https:\/\/hopeandhealth.md\/product\/fluture-pe-sticla\/"},"modified":"2023-04-06T07:38:45","modified_gmt":"2023-04-06T07:38:45","slug":"babochka-na-stekle","status":"publish","type":"product","link":"https:\/\/hopeandhealth.md\/ro\/produs\/babochka-na-stekle\/","title":{"rendered":"Fluture pe sticl\u0103"},"content":{"rendered":"<p><strong>Fluture pe sticl\u0103<\/strong> &#8211; gravur\u0103 laser pictat\u0103 manual<\/p>\n","protected":false},"excerpt":{"rendered":"<p>Fluture pe sticl\u0103 &#8211; gravur\u0103 laser pictat\u0103 manual<\/p>\n","protected":false},"featured_media":1232,"comment_status":"open","ping_status":"closed","template":"","meta":{"jetpack_post_was_ever_published":false},"product_cat":[155],"product_tag":[172],"class_list":["post-1420","product","type-product","status-publish","has-post-thumbnail","hentry","product_cat-social-bunuri","product_tag-fluture-pe-sticla"],"jetpack_sharing_enabled":true,"_links":{"self":[{"href":"https:\/\/hopeandhealth.md\/ro\/wp-json\/wp\/v2\/product\/1420","targetHints":{"allow":["GET"]}}],"collection":[{"href":"https:\/\/hopeandhealth.md\/ro\/wp-json\/wp\/v2\/product"}],"about":[{"href":"https:\/\/hopeandhealth.md\/ro\/wp-json\/wp\/v2\/types\/product"}],"replies":[{"embeddable":true,"href":"https:\/\/hopeandhealth.md\/ro\/wp-json\/wp\/v2\/comments?post=1420"}],"wp:featuredmedia":[{"embeddable":true,"href":"https:\/\/hopeandhealth.md\/ro\/wp-json\/wp\/v2\/media\/1232"}],"wp:attachment":[{"href":"https:\/\/hopeandhealth.md\/ro\/wp-json\/wp\/v2\/media?parent=1420"}],"wp:term":[{"taxonomy":"product_cat","embeddable":true,"href":"https:\/\/hopeandhealth.md\/ro\/wp-json\/wp\/v2\/product_cat?post=1420"},{"taxonomy":"product_tag","embeddable":true,"href":"https:\/\/hopeandhealth.md\/ro\/wp-json\/wp\/v2\/product_tag?post=1420"}],"curies":[{"name":"wp","href":"https:\/\/api.w.org\/{rel}","templated":true}]}}