{"id":1436,"date":"2023-04-02T11:37:28","date_gmt":"2023-04-02T11:37:28","guid":{"rendered":"https:\/\/hopeandhealth.md\/product\/margele-pentru-fericire\/"},"modified":"2023-04-02T11:37:28","modified_gmt":"2023-04-02T11:37:28","slug":"busy-na-schaste","status":"publish","type":"product","link":"https:\/\/hopeandhealth.md\/ro\/produs\/busy-na-schaste\/","title":{"rendered":"M\u0103rgele pentru fericire"},"content":{"rendered":"<p>M\u0103rgele pentru fericire &#8211; lucrate manual exclusiv (cochilii de crustacee marine \u00een lac)<\/p>\n","protected":false},"excerpt":{"rendered":"<p>M\u0103rgele pentru fericire &#8211; lucrate manual exclusiv (cochilii de crustacee marine \u00een lac)<\/p>\n","protected":false},"featured_media":1216,"comment_status":"open","ping_status":"closed","template":"","meta":{"jetpack_post_was_ever_published":false},"product_cat":[155],"product_tag":[188],"class_list":["post-1436","product","type-product","status-publish","has-post-thumbnail","hentry","product_cat-social-bunuri","product_tag-margele-pentru-fericire"],"jetpack_sharing_enabled":true,"_links":{"self":[{"href":"https:\/\/hopeandhealth.md\/ro\/wp-json\/wp\/v2\/product\/1436","targetHints":{"allow":["GET"]}}],"collection":[{"href":"https:\/\/hopeandhealth.md\/ro\/wp-json\/wp\/v2\/product"}],"about":[{"href":"https:\/\/hopeandhealth.md\/ro\/wp-json\/wp\/v2\/types\/product"}],"replies":[{"embeddable":true,"href":"https:\/\/hopeandhealth.md\/ro\/wp-json\/wp\/v2\/comments?post=1436"}],"wp:featuredmedia":[{"embeddable":true,"href":"https:\/\/hopeandhealth.md\/ro\/wp-json\/wp\/v2\/media\/1216"}],"wp:attachment":[{"href":"https:\/\/hopeandhealth.md\/ro\/wp-json\/wp\/v2\/media?parent=1436"}],"wp:term":[{"taxonomy":"product_cat","embeddable":true,"href":"https:\/\/hopeandhealth.md\/ro\/wp-json\/wp\/v2\/product_cat?post=1436"},{"taxonomy":"product_tag","embeddable":true,"href":"https:\/\/hopeandhealth.md\/ro\/wp-json\/wp\/v2\/product_tag?post=1436"}],"curies":[{"name":"wp","href":"https:\/\/api.w.org\/{rel}","templated":true}]}}