{"id":1437,"date":"2023-04-01T17:31:12","date_gmt":"2023-04-01T17:31:12","guid":{"rendered":"https:\/\/hopeandhealth.md\/product\/sapun-din-fulgi-de-ovaz-3-bucati-originale\/"},"modified":"2023-04-01T17:31:12","modified_gmt":"2023-04-01T17:31:12","slug":"mylo-ovsjanoe-3-originalnyh-kusochka","status":"publish","type":"product","link":"https:\/\/hopeandhealth.md\/ro\/produs\/mylo-ovsjanoe-3-originalnyh-kusochka\/","title":{"rendered":"S\u0103pun din fulgi de ov\u0103z (3 buc\u0103\u021bi originale)."},"content":{"rendered":"<p>Ingrediente: ulei de cocos, ulei de ricin, ulei de masline, decoct de fulgi de ovaz.<\/p>\n<p>Uleiuri de \u00eengrijire (exces de gr\u0103sime): migdale, piersici, m\u0103sline.<\/p>\n<p>Uleiuri esentiale: cuisoare, melisa, muscata<\/p>\n","protected":false},"excerpt":{"rendered":"<p>Ingrediente: ulei de cocos, ulei de ricin, ulei de masline, decoct de fulgi de ovaz. Uleiuri de \u00eengrijire (exces de gr\u0103sime): migdale, piersici, m\u0103sline. Uleiuri esentiale: cuisoare, melisa, muscata<\/p>\n","protected":false},"featured_media":1180,"comment_status":"open","ping_status":"closed","template":"","meta":{"jetpack_post_was_ever_published":false},"product_cat":[155],"product_tag":[189],"class_list":["post-1437","product","type-product","status-publish","has-post-thumbnail","hentry","product_cat-social-bunuri","product_tag-sapun-din-fulgi-de-ovaz"],"jetpack_sharing_enabled":true,"_links":{"self":[{"href":"https:\/\/hopeandhealth.md\/ro\/wp-json\/wp\/v2\/product\/1437","targetHints":{"allow":["GET"]}}],"collection":[{"href":"https:\/\/hopeandhealth.md\/ro\/wp-json\/wp\/v2\/product"}],"about":[{"href":"https:\/\/hopeandhealth.md\/ro\/wp-json\/wp\/v2\/types\/product"}],"replies":[{"embeddable":true,"href":"https:\/\/hopeandhealth.md\/ro\/wp-json\/wp\/v2\/comments?post=1437"}],"wp:featuredmedia":[{"embeddable":true,"href":"https:\/\/hopeandhealth.md\/ro\/wp-json\/wp\/v2\/media\/1180"}],"wp:attachment":[{"href":"https:\/\/hopeandhealth.md\/ro\/wp-json\/wp\/v2\/media?parent=1437"}],"wp:term":[{"taxonomy":"product_cat","embeddable":true,"href":"https:\/\/hopeandhealth.md\/ro\/wp-json\/wp\/v2\/product_cat?post=1437"},{"taxonomy":"product_tag","embeddable":true,"href":"https:\/\/hopeandhealth.md\/ro\/wp-json\/wp\/v2\/product_tag?post=1437"}],"curies":[{"name":"wp","href":"https:\/\/api.w.org\/{rel}","templated":true}]}}