{"id":1442,"date":"2023-04-01T17:07:41","date_gmt":"2023-04-01T17:07:41","guid":{"rendered":"https:\/\/hopeandhealth.md\/product\/sapun-ierburi-cu-miere\/"},"modified":"2023-04-01T17:07:41","modified_gmt":"2023-04-01T17:07:41","slug":"mylo-medovye-travy","status":"publish","type":"product","link":"https:\/\/hopeandhealth.md\/ro\/produs\/mylo-medovye-travy\/","title":{"rendered":"S\u0103pun ierburi cu miere."},"content":{"rendered":"<p>Ingrediente: ulei de cocos, ulei de ricin, ulei de catina, decoct de eucalipt, galbenele. Uleiuri de \u00eengrijire (exces de gr\u0103sime): caise, migdale, susan. Miere natural\u0103.<\/p>\n<p>Uleiuri esentiale: muscata, portocala lamaie.<\/p>\n","protected":false},"excerpt":{"rendered":"<p>Ingrediente: ulei de cocos, ulei de ricin, ulei de catina, decoct de eucalipt, galbenele. Uleiuri de \u00eengrijire (exces de gr\u0103sime): caise, migdale, susan. Miere natural\u0103. Uleiuri esentiale: muscata, portocala lamaie.<\/p>\n","protected":false},"featured_media":1168,"comment_status":"open","ping_status":"closed","template":"","meta":{"jetpack_post_was_ever_published":false},"product_cat":[155],"product_tag":[194],"class_list":["post-1442","product","type-product","status-publish","has-post-thumbnail","hentry","product_cat-social-bunuri","product_tag-sapun-ierburi-cu-miere"],"jetpack_sharing_enabled":true,"_links":{"self":[{"href":"https:\/\/hopeandhealth.md\/ro\/wp-json\/wp\/v2\/product\/1442","targetHints":{"allow":["GET"]}}],"collection":[{"href":"https:\/\/hopeandhealth.md\/ro\/wp-json\/wp\/v2\/product"}],"about":[{"href":"https:\/\/hopeandhealth.md\/ro\/wp-json\/wp\/v2\/types\/product"}],"replies":[{"embeddable":true,"href":"https:\/\/hopeandhealth.md\/ro\/wp-json\/wp\/v2\/comments?post=1442"}],"wp:featuredmedia":[{"embeddable":true,"href":"https:\/\/hopeandhealth.md\/ro\/wp-json\/wp\/v2\/media\/1168"}],"wp:attachment":[{"href":"https:\/\/hopeandhealth.md\/ro\/wp-json\/wp\/v2\/media?parent=1442"}],"wp:term":[{"taxonomy":"product_cat","embeddable":true,"href":"https:\/\/hopeandhealth.md\/ro\/wp-json\/wp\/v2\/product_cat?post=1442"},{"taxonomy":"product_tag","embeddable":true,"href":"https:\/\/hopeandhealth.md\/ro\/wp-json\/wp\/v2\/product_tag?post=1442"}],"curies":[{"name":"wp","href":"https:\/\/api.w.org\/{rel}","templated":true}]}}